{"id":28889,"date":"2021-09-29T15:06:40","date_gmt":"2021-09-29T13:06:40","guid":{"rendered":"https:\/\/new.metallo-tests.ch\/?page_id=28889"},"modified":"2025-04-02T15:35:09","modified_gmt":"2025-04-02T13:35:09","slug":"mentions-legales-et-credits-droits","status":"publish","type":"page","link":"https:\/\/www.metallo-tests.ch\/en\/mentions-legales-et-credits-droits\/","title":{"rendered":"Mentions l\u00e9gales et cr\u00e9dits"},"content":{"rendered":"<h1>Mentions l\u00e9gales et cr\u00e9dits<\/h1>\n<div>\n<h4><strong> Informations L\u00e9gales<\/strong><\/h4>\n<p>\u00c9diteur du site :<br \/>Nom de l&rsquo;entreprise : METALLO TESTS<br \/>Forme juridique : SA<br \/>Si\u00e8ge social : Rue de la Paix 101, 2300 La Chaux-de-Fonds<br \/>CHE-108.119.705.<br \/>info@metallo-tests.ch<br \/>032\u00a0967 99 11<\/p>\n<h4><strong> H\u00e9bergement<\/strong><\/h4>\n<p>Le site <strong>metallo-tests.ch<\/strong> est h\u00e9berg\u00e9 par :<br \/>Infomaniak<br \/><span>Rue Eug\u00e8ne-Marziano 25, 1227 Gen\u00e8ve<\/span><br \/><span>022 820 35 40<\/span><\/p>\n<h4><strong> Propri\u00e9t\u00e9 Intellectuelle<\/strong><\/h4>\n<p>L\u2019ensemble des contenus pr\u00e9sents sur le site <strong>metallo-tests.ch<\/strong> (textes, images, logos, vid\u00e9os, etc.) est prot\u00e9g\u00e9 par le droit de la propri\u00e9t\u00e9 intellectuelle et ne peut \u00eatre reproduit sans autorisation pr\u00e9alable.<\/p>\n<h4><strong> Responsabilit\u00e9<\/strong><\/h4>\n<p>L\u2019\u00e9diteur du site s\u2019efforce de fournir des informations exactes et \u00e0 jour. Toutefois, il ne saurait \u00eatre tenu responsable d\u2019\u00e9ventuelles erreurs, omissions ou des dommages r\u00e9sultant de l\u2019utilisation du site.<\/p>\n<h4><strong> Protection des Donn\u00e9es Personnelles<\/strong><\/h4>\n<p>Le site <strong>metallo-tests.ch<\/strong> collecte et traite des donn\u00e9es personnelles dans le respect de la l\u00e9gislation en vigueur en Suisse. Les utilisateurs disposent d\u2019un droit d\u2019acc\u00e8s, de rectification et de suppression de leurs donn\u00e9es en contactant l\u2019\u00e9diteur du site.<\/p>\n<h4><strong> Cookies<\/strong><\/h4>\n<p>Le site peut utiliser des cookies \u00e0 des fins statistiques et d\u2019am\u00e9lioration de l\u2019exp\u00e9rience utilisateur. L\u2019utilisateur peut configurer son navigateur pour bloquer ces cookies.<\/p>\n<h4><strong> Droit Applicable et Juridiction Comp\u00e9tente<\/strong><\/h4>\n<p>Les pr\u00e9sentes mentions l\u00e9gales sont r\u00e9gies par le droit suisse. En cas de litige, les tribunaux comp\u00e9tents sont ceux du canton o\u00f9 se trouve le si\u00e8ge de l\u2019\u00e9diteur du site.<\/p>\n<\/div>\n<p><!--more--><br \/>\n<!-- {\"name\":\"Terms of Service\",\"type\":\"layout\",\"children\":[{\"name\":\"Terms\",\"type\":\"section\",\"props\":{\"image_position\":\"center-center\",\"style\":\"default\",\"title_breakpoint\":\"xl\",\"title_position\":\"top-left\",\"title_rotation\":\"left\",\"vertical_align\":\"\",\"width\":\"small\"},\"children\":[{\"type\":\"row\",\"children\":[{\"type\":\"column\",\"props\":{\"image_position\":\"center-center\",\"position_sticky_breakpoint\":\"m\",\"width_medium\":\"1-1\"},\"children\":[{\"type\":\"headline\",\"props\":{\"content\":\"Mentions l\\u00e9gales et cr\\u00e9dits\",\"margin_remove_bottom\":false,\"margin_remove_top\":true,\"title_element\":\"h1\",\"title_style\":\"heading-medium\"}}]}]},{\"type\":\"row\",\"props\":{\"margin\":\"large\"},\"children\":[{\"type\":\"column\",\"props\":{\"image_position\":\"center-center\",\"position_sticky_breakpoint\":\"m\",\"width_medium\":\"1-1\"},\"children\":[{\"type\":\"text\",\"props\":{\"column_breakpoint\":\"m\",\"content\":\"\n\n<h4><strong> Informations L\\u00e9gales<\\\/strong><\\\/h4>\\n\n\n<p><br \\\/>\\u00c9diteur du site :<br \\\/>Nom de l'entreprise : METALLO TESTS<br \\\/>Forme juridique : SA<br \\\/>Si\\u00e8ge social : Rue de la Paix 101, 2300 La Chaux-de-Fonds<br \\\/>CHE-108.119.705.<br \\\/>info@metallo-tests.ch<br \\\/>032\\u00a0967 99 11<\\\/p>\\n\n\n<h4><strong> H\\u00e9bergement<\\\/strong><\\\/h4>\\n\n\n<p>Le site <strong>metallo-tests.ch<\\\/strong> est h\\u00e9berg\\u00e9 par :<br \\\/>Infomaniak<br \\\/><span>Rue Eug\\u00e8ne-Marziano 25, 1227 Gen\\u00e8ve<\\\/span><br \\\/><span>022 820 35 40<\\\/span><\\\/p>\\n\n\n<h4><strong> Propri\\u00e9t\\u00e9 Intellectuelle<\\\/strong><\\\/h4>\\n\n\n<p>L\\u2019ensemble des contenus pr\\u00e9sents sur le site <strong>metallo-tests.ch<\\\/strong> (textes, images, logos, vid\\u00e9os, etc.) est prot\\u00e9g\\u00e9 par le droit de la propri\\u00e9t\\u00e9 intellectuelle et ne peut \\u00eatre reproduit sans autorisation pr\\u00e9alable.<\\\/p>\\n\n\n<h4><strong> Responsabilit\\u00e9<\\\/strong><\\\/h4>\\n\n\n<p>L\\u2019\\u00e9diteur du site s\\u2019efforce de fournir des informations exactes et \\u00e0 jour. Toutefois, il ne saurait \\u00eatre tenu responsable d\\u2019\\u00e9ventuelles erreurs, omissions ou des dommages r\\u00e9sultant de l\\u2019utilisation du site.<\\\/p>\\n\n\n<h4><strong> Protection des Donn\\u00e9es Personnelles<\\\/strong><\\\/h4>\\n\n\n<p>Le site <strong>metallo-tests.ch<\\\/strong> collecte et traite des donn\\u00e9es personnelles dans le respect de la l\\u00e9gislation en vigueur en Suisse. Les utilisateurs disposent d\\u2019un droit d\\u2019acc\\u00e8s, de rectification et de suppression de leurs donn\\u00e9es en contactant l\\u2019\\u00e9diteur du site.<\\\/p>\\n\n\n<h4><strong> Cookies<\\\/strong><\\\/h4>\\n\n\n<p>Le site peut utiliser des cookies \\u00e0 des fins statistiques et d\\u2019am\\u00e9lioration de l\\u2019exp\\u00e9rience utilisateur. L\\u2019utilisateur peut configurer son navigateur pour bloquer ces cookies.<\\\/p>\\n\n\n<h4><strong> Droit Applicable et Juridiction Comp\\u00e9tente<\\\/strong><\\\/h4>\\n\n\n<p>Les pr\\u00e9sentes mentions l\\u00e9gales sont r\\u00e9gies par le droit suisse. En cas de litige, les tribunaux comp\\u00e9tents sont ceux du canton o\\u00f9 se trouve le si\\u00e8ge de l\\u2019\\u00e9diteur du site.<\\\/p>\",\"margin\":\"default\"}}]}]}]}],\"version\":\"4.5.7\"} --><\/p>\n","protected":false},"excerpt":{"rendered":"<p>Mentions l\u00e9gales et cr\u00e9dits Informations L\u00e9gales \u00c9diteur du site :Nom de l&rsquo;entreprise : METALLO TESTSForme juridique : SASi\u00e8ge social : Rue de la Paix 101, 2300 La Chaux-de-FondsCHE-108.119.705.info@metallo-tests.ch032\u00a0967 99 11 H\u00e9bergement Le site metallo-tests.ch est h\u00e9berg\u00e9 par :InfomaniakRue Eug\u00e8ne-Marziano 25, 1227 Gen\u00e8ve022 820 35 40 Propri\u00e9t\u00e9 Intellectuelle L\u2019ensemble des contenus pr\u00e9sents sur le site metallo-tests.ch [&hellip;]<\/p>\n","protected":false},"author":11,"featured_media":0,"parent":0,"menu_order":0,"comment_status":"closed","ping_status":"closed","template":"","meta":{"footnotes":""},"class_list":["post-28889","page","type-page","status-publish","hentry"],"yoast_head":"<!-- This site is optimized with the Yoast SEO plugin v27.3 - https:\/\/yoast.com\/product\/yoast-seo-wordpress\/ -->\n<title>Mentions l\u00e9gales et cr\u00e9dits -droits - Laboratoire Horloger - Metallo-Tests SA - La Chaux-de-Fonds<\/title>\n<meta name=\"description\" content=\"propri\u00e9t\u00e9 intellectuelle du laboratoire Metallo-tests. Tous les droits sont r\u00e9serv\u00e9s sur le contenu du site\" \/>\n<meta name=\"robots\" content=\"index, follow, max-snippet:-1, max-image-preview:large, max-video-preview:-1\" \/>\n<link rel=\"canonical\" href=\"https:\/\/www.metallo-tests.ch\/en\/mentions-legales-et-credits-droits\/\" \/>\n<meta property=\"og:locale\" content=\"en_US\" \/>\n<meta property=\"og:type\" content=\"article\" \/>\n<meta property=\"og:title\" content=\"Mentions l\u00e9gales et cr\u00e9dits -droits - Laboratoire Horloger - Metallo-Tests SA - La Chaux-de-Fonds\" \/>\n<meta property=\"og:description\" content=\"propri\u00e9t\u00e9 intellectuelle du laboratoire Metallo-tests. Tous les droits sont r\u00e9serv\u00e9s sur le contenu du site\" \/>\n<meta property=\"og:url\" content=\"https:\/\/www.metallo-tests.ch\/en\/mentions-legales-et-credits-droits\/\" \/>\n<meta property=\"og:site_name\" content=\"Laboratoire Horloger - Metallo-Tests SA - La Chaux-de-Fonds\" \/>\n<meta property=\"article:modified_time\" content=\"2025-04-02T13:35:09+00:00\" \/>\n<meta property=\"og:image\" content=\"https:\/\/www.metallo-tests.ch\/wp-content\/uploads\/2025\/04\/METALLO-TEST_LOGO_04_COULEURS@4x-100-scaled.jpg\" \/>\n\t<meta property=\"og:image:width\" content=\"2560\" \/>\n\t<meta property=\"og:image:height\" content=\"1640\" \/>\n\t<meta property=\"og:image:type\" content=\"image\/jpeg\" \/>\n<meta name=\"twitter:card\" content=\"summary_large_image\" \/>\n<meta name=\"twitter:label1\" content=\"Est. reading time\" \/>\n\t<meta name=\"twitter:data1\" content=\"1 minute\" \/>\n<script type=\"application\/ld+json\" class=\"yoast-schema-graph\">{\"@context\":\"https:\\\/\\\/schema.org\",\"@graph\":[{\"@type\":\"WebPage\",\"@id\":\"https:\\\/\\\/www.metallo-tests.ch\\\/mentions-legales-et-credits-droits\\\/\",\"url\":\"https:\\\/\\\/www.metallo-tests.ch\\\/mentions-legales-et-credits-droits\\\/\",\"name\":\"Mentions l\u00e9gales et cr\u00e9dits -droits - Laboratoire Horloger - Metallo-Tests SA - La Chaux-de-Fonds\",\"isPartOf\":{\"@id\":\"https:\\\/\\\/www.metallo-tests.ch\\\/#website\"},\"datePublished\":\"2021-09-29T13:06:40+00:00\",\"dateModified\":\"2025-04-02T13:35:09+00:00\",\"description\":\"propri\u00e9t\u00e9 intellectuelle du laboratoire Metallo-tests. Tous les droits sont r\u00e9serv\u00e9s sur le contenu du site\",\"breadcrumb\":{\"@id\":\"https:\\\/\\\/www.metallo-tests.ch\\\/mentions-legales-et-credits-droits\\\/#breadcrumb\"},\"inLanguage\":\"en-US\",\"potentialAction\":[{\"@type\":\"ReadAction\",\"target\":[\"https:\\\/\\\/www.metallo-tests.ch\\\/mentions-legales-et-credits-droits\\\/\"]}]},{\"@type\":\"BreadcrumbList\",\"@id\":\"https:\\\/\\\/www.metallo-tests.ch\\\/mentions-legales-et-credits-droits\\\/#breadcrumb\",\"itemListElement\":[{\"@type\":\"ListItem\",\"position\":1,\"name\":\"Accueil\",\"item\":\"https:\\\/\\\/www.metallo-tests.ch\\\/\"},{\"@type\":\"ListItem\",\"position\":2,\"name\":\"Mentions l\u00e9gales et cr\u00e9dits\"}]},{\"@type\":\"WebSite\",\"@id\":\"https:\\\/\\\/www.metallo-tests.ch\\\/#website\",\"url\":\"https:\\\/\\\/www.metallo-tests.ch\\\/\",\"name\":\"Laboratoire Horloger - Metallo-Tests SA - La Chaux-de-Fonds\",\"description\":\"Laboratoire d&#039;analyses et homologation pour le secteur du luxe\",\"publisher\":{\"@id\":\"https:\\\/\\\/www.metallo-tests.ch\\\/#organization\"},\"alternateName\":\"Laboratoire Metallo-Tests SA\",\"potentialAction\":[{\"@type\":\"SearchAction\",\"target\":{\"@type\":\"EntryPoint\",\"urlTemplate\":\"https:\\\/\\\/www.metallo-tests.ch\\\/?s={search_term_string}\"},\"query-input\":{\"@type\":\"PropertyValueSpecification\",\"valueRequired\":true,\"valueName\":\"search_term_string\"}}],\"inLanguage\":\"en-US\"},{\"@type\":\"Organization\",\"@id\":\"https:\\\/\\\/www.metallo-tests.ch\\\/#organization\",\"name\":\"Laboratoire Horloger - Metallo-Tests SA\",\"alternateName\":\"Laboratoire Metallo-Tests SA\",\"url\":\"https:\\\/\\\/www.metallo-tests.ch\\\/\",\"logo\":{\"@type\":\"ImageObject\",\"inLanguage\":\"en-US\",\"@id\":\"https:\\\/\\\/www.metallo-tests.ch\\\/#\\\/schema\\\/logo\\\/image\\\/\",\"url\":\"https:\\\/\\\/www.metallo-tests.ch\\\/wp-content\\\/uploads\\\/2025\\\/04\\\/METALLO-TEST_LOGO_04_COULEURS@4x-100-scaled.jpg\",\"contentUrl\":\"https:\\\/\\\/www.metallo-tests.ch\\\/wp-content\\\/uploads\\\/2025\\\/04\\\/METALLO-TEST_LOGO_04_COULEURS@4x-100-scaled.jpg\",\"width\":2560,\"height\":1640,\"caption\":\"Laboratoire Horloger - Metallo-Tests SA\"},\"image\":{\"@id\":\"https:\\\/\\\/www.metallo-tests.ch\\\/#\\\/schema\\\/logo\\\/image\\\/\"}}]}<\/script>\n<!-- \/ Yoast SEO plugin. -->","yoast_head_json":{"title":"Mentions l\u00e9gales et cr\u00e9dits -droits - Laboratoire Horloger - Metallo-Tests SA - La Chaux-de-Fonds","description":"propri\u00e9t\u00e9 intellectuelle du laboratoire Metallo-tests. Tous les droits sont r\u00e9serv\u00e9s sur le contenu du site","robots":{"index":"index","follow":"follow","max-snippet":"max-snippet:-1","max-image-preview":"max-image-preview:large","max-video-preview":"max-video-preview:-1"},"canonical":"https:\/\/www.metallo-tests.ch\/en\/mentions-legales-et-credits-droits\/","og_locale":"en_US","og_type":"article","og_title":"Mentions l\u00e9gales et cr\u00e9dits -droits - Laboratoire Horloger - Metallo-Tests SA - La Chaux-de-Fonds","og_description":"propri\u00e9t\u00e9 intellectuelle du laboratoire Metallo-tests. Tous les droits sont r\u00e9serv\u00e9s sur le contenu du site","og_url":"https:\/\/www.metallo-tests.ch\/en\/mentions-legales-et-credits-droits\/","og_site_name":"Laboratoire Horloger - Metallo-Tests SA - La Chaux-de-Fonds","article_modified_time":"2025-04-02T13:35:09+00:00","og_image":[{"width":2560,"height":1640,"url":"https:\/\/www.metallo-tests.ch\/wp-content\/uploads\/2025\/04\/METALLO-TEST_LOGO_04_COULEURS@4x-100-scaled.jpg","type":"image\/jpeg"}],"twitter_card":"summary_large_image","twitter_misc":{"Est. reading time":"1 minute"},"schema":{"@context":"https:\/\/schema.org","@graph":[{"@type":"WebPage","@id":"https:\/\/www.metallo-tests.ch\/mentions-legales-et-credits-droits\/","url":"https:\/\/www.metallo-tests.ch\/mentions-legales-et-credits-droits\/","name":"Mentions l\u00e9gales et cr\u00e9dits -droits - Laboratoire Horloger - Metallo-Tests SA - La Chaux-de-Fonds","isPartOf":{"@id":"https:\/\/www.metallo-tests.ch\/#website"},"datePublished":"2021-09-29T13:06:40+00:00","dateModified":"2025-04-02T13:35:09+00:00","description":"propri\u00e9t\u00e9 intellectuelle du laboratoire Metallo-tests. Tous les droits sont r\u00e9serv\u00e9s sur le contenu du site","breadcrumb":{"@id":"https:\/\/www.metallo-tests.ch\/mentions-legales-et-credits-droits\/#breadcrumb"},"inLanguage":"en-US","potentialAction":[{"@type":"ReadAction","target":["https:\/\/www.metallo-tests.ch\/mentions-legales-et-credits-droits\/"]}]},{"@type":"BreadcrumbList","@id":"https:\/\/www.metallo-tests.ch\/mentions-legales-et-credits-droits\/#breadcrumb","itemListElement":[{"@type":"ListItem","position":1,"name":"Accueil","item":"https:\/\/www.metallo-tests.ch\/"},{"@type":"ListItem","position":2,"name":"Mentions l\u00e9gales et cr\u00e9dits"}]},{"@type":"WebSite","@id":"https:\/\/www.metallo-tests.ch\/#website","url":"https:\/\/www.metallo-tests.ch\/","name":"Laboratoire Horloger - Metallo-Tests SA - La Chaux-de-Fonds","description":"Laboratoire d&#039;analyses et homologation pour le secteur du luxe","publisher":{"@id":"https:\/\/www.metallo-tests.ch\/#organization"},"alternateName":"Laboratoire Metallo-Tests SA","potentialAction":[{"@type":"SearchAction","target":{"@type":"EntryPoint","urlTemplate":"https:\/\/www.metallo-tests.ch\/?s={search_term_string}"},"query-input":{"@type":"PropertyValueSpecification","valueRequired":true,"valueName":"search_term_string"}}],"inLanguage":"en-US"},{"@type":"Organization","@id":"https:\/\/www.metallo-tests.ch\/#organization","name":"Laboratoire Horloger - Metallo-Tests SA","alternateName":"Laboratoire Metallo-Tests SA","url":"https:\/\/www.metallo-tests.ch\/","logo":{"@type":"ImageObject","inLanguage":"en-US","@id":"https:\/\/www.metallo-tests.ch\/#\/schema\/logo\/image\/","url":"https:\/\/www.metallo-tests.ch\/wp-content\/uploads\/2025\/04\/METALLO-TEST_LOGO_04_COULEURS@4x-100-scaled.jpg","contentUrl":"https:\/\/www.metallo-tests.ch\/wp-content\/uploads\/2025\/04\/METALLO-TEST_LOGO_04_COULEURS@4x-100-scaled.jpg","width":2560,"height":1640,"caption":"Laboratoire Horloger - Metallo-Tests SA"},"image":{"@id":"https:\/\/www.metallo-tests.ch\/#\/schema\/logo\/image\/"}}]}},"jetpack_sharing_enabled":true,"_links":{"self":[{"href":"https:\/\/www.metallo-tests.ch\/en\/wp-json\/wp\/v2\/pages\/28889","targetHints":{"allow":["GET"]}}],"collection":[{"href":"https:\/\/www.metallo-tests.ch\/en\/wp-json\/wp\/v2\/pages"}],"about":[{"href":"https:\/\/www.metallo-tests.ch\/en\/wp-json\/wp\/v2\/types\/page"}],"author":[{"embeddable":true,"href":"https:\/\/www.metallo-tests.ch\/en\/wp-json\/wp\/v2\/users\/11"}],"replies":[{"embeddable":true,"href":"https:\/\/www.metallo-tests.ch\/en\/wp-json\/wp\/v2\/comments?post=28889"}],"version-history":[{"count":2,"href":"https:\/\/www.metallo-tests.ch\/en\/wp-json\/wp\/v2\/pages\/28889\/revisions"}],"predecessor-version":[{"id":32047,"href":"https:\/\/www.metallo-tests.ch\/en\/wp-json\/wp\/v2\/pages\/28889\/revisions\/32047"}],"wp:attachment":[{"href":"https:\/\/www.metallo-tests.ch\/en\/wp-json\/wp\/v2\/media?parent=28889"}],"curies":[{"name":"wp","href":"https:\/\/api.w.org\/{rel}","templated":true}]}}