{"id":31868,"date":"2024-11-24T14:42:45","date_gmt":"2024-11-24T13:42:45","guid":{"rendered":"https:\/\/www.metallo-tests.ch\/?page_id=31868"},"modified":"2025-06-27T10:31:32","modified_gmt":"2025-06-27T08:31:32","slug":"test-emballage","status":"publish","type":"page","link":"http:\/\/www.metallo-tests.ch\/en\/test-emballage\/","title":{"rendered":"Transport testing on packaging"},"content":{"rendered":"<h1>Test de transport sur emballage<\/h1>\n<p><p>\n        <a href=\"https:\/\/www.metallo-tests.ch\/par-secteur-activite\/#emballage\">Retour<\/a>\n    <\/p>\n<\/p>\n<hr>\n<ul>\n<li>\n<h3>Chocs horizontaux<\/h3>\n<div>\n<table class=\"marges\" width=\"100%\" border=\"0\" cellspacing=\"0\" cellpadding=\"0\">\n<tbody>\n<tr>\n<td colspan=\"2\">\n<h5>Mise en situation de chocs horizontaux<\/h5>\n<\/td>\n<\/tr>\n<tr>\n<td width=\"110\">Norme:<\/td>\n<td>NF H00.047 \/ ISO 1413<\/td>\n<\/tr>\n<tr>\n<td width=\"110\">Equipement:<\/td>\n<td>Mouton-pendule<\/td>\n<\/tr>\n<tr>\n<td width=\"110\">Accr\u00e9ditation:<\/td>\n<td>Oui<\/td>\n<\/tr>\n<tr>\n<td width=\"110\" valign=\"top\">Secteurs d&rsquo;activit\u00e9s:<\/td>\n<td valign=\"top\">Transport, Horlogerie, M\u00e9tallurgie, Bijouterie, Maroquinerie, Packaging \/ display, M\u00e9dical, T\u00e9l\u00e9phonie, Jouets, Lunetterie, Micro-\u00e9lectronique, Instruments d&rsquo;\u00e9critures, Environnement<\/td>\n<\/tr>\n<\/tbody>\n<\/table>\n<\/div>\n<\/li>\n<li>\n<h3>Chocs verticaux par chute libre<\/h3>\n<div>\n<table class=\"marges\" width=\"100%\" border=\"0\" cellspacing=\"0\" cellpadding=\"0\">\n<tbody>\n<tr>\n<td colspan=\"2\">\n<h5>Simulation de chute libre de l&rsquo;objet<\/h5>\n<\/td>\n<\/tr>\n<tr>\n<td width=\"110\">Norme:<\/td>\n<td>ISO 2248 \/ ISO 1413<\/td>\n<\/tr>\n<tr>\n<td width=\"110\">Equipement:<\/td>\n<td>Chute lbre<\/td>\n<\/tr>\n<tr>\n<td width=\"110\">Accr\u00e9ditation:<\/td>\n<td>Non<\/td>\n<\/tr>\n<tr>\n<td width=\"110\" valign=\"top\">Secteurs d&rsquo;activit\u00e9s:<\/td>\n<td valign=\"top\">Transport, Horlogerie, M\u00e9tallurgie, Bijouterie, Maroquinerie, Packaging \/ display, M\u00e9dical, T\u00e9l\u00e9phonie, Jouets, Lunetterie, Micro-\u00e9lectronique, Instruments d&rsquo;\u00e9critures, Environnement<\/td>\n<\/tr>\n<\/tbody>\n<\/table>\n<\/div>\n<\/li>\n<\/ul>\n<ul>\n<li>\n<h3>Test de conditions climatiques<\/h3>\n<div>\n<div class=\"new\">\n<div class=\"outer\">\n<div class=\"inner\">\n<div class=\"new\">\n<div class=\"outer\">\n<div class=\"inner\">\n<table class=\"marges\" width=\"100%\" border=\"0\" cellspacing=\"0\" cellpadding=\"0\">\n<tbody>\n<tr>\n<td colspan=\"2\">\n<h5>Simule les conditions climatiques lors des transports<\/h5>\n<\/td>\n<\/tr>\n<tr>\n<td width=\"110\">Norme:<\/td>\n<td>ISO 23160<\/td>\n<\/tr>\n<tr>\n<td width=\"110\">Equipement:<\/td>\n<td>Enceinte climatique<\/td>\n<\/tr>\n<tr>\n<td width=\"110\">Accr\u00e9ditation:<\/td>\n<td>Oui<\/td>\n<\/tr>\n<tr>\n<td width=\"110\" valign=\"top\">Secteurs d&rsquo;activit\u00e9s:<\/td>\n<td valign=\"top\">Transport, Horlogerie, M\u00e9tallurgie, Bijouterie, Maroquinerie, Packaging \/ display, M\u00e9dical, T\u00e9l\u00e9phonie, Jouets, Lunetterie, Micro-\u00e9lectronique, Instruments d&rsquo;\u00e9critures, Environnement<\/td>\n<\/tr>\n<tr>\n<td width=\"110\">\u00a0<\/td>\n<td><\/td>\n<\/tr>\n<\/tbody>\n<\/table>\n<\/div>\n<\/div>\n<\/div>\n<div class=\"new\"><\/div>\n<\/div>\n<\/div>\n<\/div>\n<\/div>\n<\/li>\n<li>\n<h3>Vibrations \u00e0 basses fr\u00e9quences fixes<\/h3>\n<div>\n<div class=\"new\">\n<div class=\"outer\">\n<div class=\"inner\">\n<div class=\"new\">\n<div class=\"outer\">\n<div class=\"inner\">\n<table class=\"marges\" width=\"100%\" border=\"0\" cellspacing=\"0\" cellpadding=\"0\">\n<tbody>\n<tr>\n<td colspan=\"2\">\n<h5>Mise en situation de vibration \u00e0 basses fr\u00e9quences de l&rsquo;objet<\/h5>\n<\/td>\n<\/tr>\n<tr>\n<td width=\"110\">Norme:<\/td>\n<td>NF H00.043<\/td>\n<\/tr>\n<tr>\n<td width=\"110\">Equipement:<\/td>\n<td>\u00e9quipement d\u00e9velopp\u00e9 par le labo<\/td>\n<\/tr>\n<tr>\n<td width=\"110\">Accr\u00e9ditation:<\/td>\n<td>Non<\/td>\n<\/tr>\n<tr>\n<td width=\"110\" valign=\"top\">Secteurs d&rsquo;activit\u00e9s:<\/td>\n<td valign=\"top\">Transport, Horlogerie, M\u00e9tallurgie, Bijouterie, Maroquinerie, Packaging \/ display, M\u00e9dical, T\u00e9l\u00e9phonie, Jouets, Lunetterie, Micro-\u00e9lectronique, Instruments d&rsquo;\u00e9critures, Environnement<\/td>\n<\/tr>\n<tr>\n<td width=\"110\">\u00a0<\/td>\n<td><\/td>\n<\/tr>\n<\/tbody>\n<\/table>\n<\/div>\n<\/div>\n<\/div>\n<\/div>\n<\/div>\n<\/div>\n<div class=\"new\">\n<div class=\"outer\">\n<div class=\"inner\">\n<div class=\"new\">\n<h2 class=\"h\"><\/h2>\n<\/div>\n<\/div>\n<\/div>\n<\/div>\n<\/div>\n<\/li>\n<\/ul>\n<p><!--more--><br \/>\n<!-- {\"type\":\"layout\",\"children\":[{\"type\":\"section\",\"props\":{\"image_position\":\"center-center\",\"style\":\"default\",\"title_breakpoint\":\"xl\",\"title_position\":\"top-left\",\"title_rotation\":\"left\",\"vertical_align\":\"\",\"width\":\"default\"},\"children\":[{\"type\":\"row\",\"children\":[{\"type\":\"column\",\"props\":{\"image_position\":\"center-center\",\"position_sticky_breakpoint\":\"m\",\"width_medium\":\"4-5\"},\"children\":[{\"type\":\"headline\",\"props\":{\"content\":\"Test de transport sur emballage\",\"margin\":\"large\",\"title_color\":\"primary\",\"title_element\":\"h1\"}}]},{\"type\":\"column\",\"props\":{\"image_position\":\"center-center\",\"position_sticky_breakpoint\":\"m\",\"width_medium\":\"1-5\"},\"children\":[{\"type\":\"button\",\"props\":{\"grid_column_gap\":\"small\",\"grid_row_gap\":\"small\",\"margin\":\"default\"},\"children\":[{\"type\":\"button_item\",\"props\":{\"button_style\":\"text\",\"content\":\"Retour\",\"dialog_layout\":\"modal\",\"dialog_offcanvas_flip\":true,\"icon_align\":\"left\",\"link\":\"https:\\\/\\\/www.metallo-tests.ch\\\/par-secteur-activite\\\/#emballage\"}}]}]}],\"props\":{\"layout\":\"4-5,1-5\"}},{\"type\":\"row\",\"children\":[{\"type\":\"column\",\"props\":{\"image_position\":\"center-center\",\"position_sticky_breakpoint\":\"m\"},\"children\":[{\"type\":\"divider\",\"props\":{\"divider_element\":\"hr\",\"divider_style\":\"small\",\"id\":\"Emballage\",\"margin\":\"large\"}}]}]},{\"type\":\"row\",\"props\":{\"layout\":\"1-2,1-2\"},\"children\":[{\"type\":\"column\",\"props\":{\"image_position\":\"center-center\",\"position_sticky_breakpoint\":\"m\",\"width_medium\":\"1-2\"},\"children\":[{\"type\":\"accordion\",\"props\":{\"collapsible\":true,\"content_column_breakpoint\":\"m\",\"image_align\":\"top\",\"image_grid_breakpoint\":\"m\",\"image_grid_width\":\"1-2\",\"image_svg_color\":\"emphasis\",\"link_style\":\"default\",\"link_text\":\"Read more\",\"show_image\":true,\"show_link\":true},\"children\":[{\"type\":\"accordion_item\",\"props\":{\"content\":\"\n\n<table class=\\\"marges\\\" width=\\\"100%\\\" border=\\\"0\\\" cellspacing=\\\"0\\\" cellpadding=\\\"0\\\">\\n\n\n<tbody>\\n\n\n<tr>\\n\n\n<td colspan=\\\"2\\\">\\n\n\n<h5>Mise en situation de chocs horizontaux<\\\/h5>\\n<\\\/td>\\n<\\\/tr>\\n\n\n<tr>\\n\n\n<td width=\\\"110\\\">Norme:<\\\/td>\\n\n\n<td>NF H00.047 \\\/ ISO 1413<\\\/td>\\n<\\\/tr>\\n\n\n<tr>\\n\n\n<td width=\\\"110\\\">Equipement:<\\\/td>\\n\n\n<td>Mouton-pendule<\\\/td>\\n<\\\/tr>\\n\n\n<tr>\\n\n\n<td width=\\\"110\\\">Accr\\u00e9ditation:<\\\/td>\\n\n\n<td>Oui<\\\/td>\\n<\\\/tr>\\n\n\n<tr>\\n\n\n<td width=\\\"110\\\" valign=\\\"top\\\">Secteurs d'activit\\u00e9s:<\\\/td>\\n\n\n<td valign=\\\"top\\\">Transport, Horlogerie, M\\u00e9tallurgie, Bijouterie, Maroquinerie, Packaging \\\/ display, M\\u00e9dical, T\\u00e9l\\u00e9phonie, Jouets, Lunetterie, Micro-\\u00e9lectronique, Instruments d'\\u00e9critures, Environnement<\\\/td>\\n<\\\/tr>\\n<\\\/tbody>\\n<\\\/table>\",\"title\":\"Chocs horizontaux\"}},{\"type\":\"accordion_item\",\"props\":{\"content\":\"\n\n<table class=\\\"marges\\\" width=\\\"100%\\\" border=\\\"0\\\" cellspacing=\\\"0\\\" cellpadding=\\\"0\\\">\\n\n\n<tbody>\\n\n\n<tr>\\n\n\n<td colspan=\\\"2\\\">\\n\n\n<h5>Simulation de chute libre de l'objet<\\\/h5>\\n<\\\/td>\\n<\\\/tr>\\n\n\n<tr>\\n\n\n<td width=\\\"110\\\">Norme:<\\\/td>\\n\n\n<td>ISO 2248 \\\/ ISO 1413<\\\/td>\\n<\\\/tr>\\n\n\n<tr>\\n\n\n<td width=\\\"110\\\">Equipement:<\\\/td>\\n\n\n<td>Chute lbre<\\\/td>\\n<\\\/tr>\\n\n\n<tr>\\n\n\n<td width=\\\"110\\\">Accr\\u00e9ditation:<\\\/td>\\n\n\n<td>Non<\\\/td>\\n<\\\/tr>\\n\n\n<tr>\\n\n\n<td width=\\\"110\\\" valign=\\\"top\\\">Secteurs d'activit\\u00e9s:<\\\/td>\\n\n\n<td valign=\\\"top\\\">Transport, Horlogerie, M\\u00e9tallurgie, Bijouterie, Maroquinerie, Packaging \\\/ display, M\\u00e9dical, T\\u00e9l\\u00e9phonie, Jouets, Lunetterie, Micro-\\u00e9lectronique, Instruments d'\\u00e9critures, Environnement<\\\/td>\\n<\\\/tr>\\n<\\\/tbody>\\n<\\\/table>\",\"title\":\"Chocs verticaux par chute libre\"}}]}]},{\"type\":\"column\",\"props\":{\"image_position\":\"center-center\",\"position_sticky_breakpoint\":\"m\",\"width_medium\":\"1-2\"},\"children\":[{\"type\":\"accordion\",\"props\":{\"collapsible\":true,\"content_column_breakpoint\":\"m\",\"image_align\":\"top\",\"image_grid_breakpoint\":\"m\",\"image_grid_width\":\"1-2\",\"image_svg_color\":\"emphasis\",\"link_style\":\"default\",\"link_text\":\"Read more\",\"show_image\":true,\"show_link\":true},\"children\":[{\"type\":\"accordion_item\",\"props\":{\"content\":\"\n\n<div class=\\\"new\\\">\\n\n\n<div class=\\\"outer\\\">\\n\n\n<div class=\\\"inner\\\">\\n\n\n<div class=\\\"new\\\">\\n\n\n<div class=\\\"outer\\\">\\n\n\n<div class=\\\"inner\\\">\\n\n\n<table class=\\\"marges\\\" width=\\\"100%\\\" border=\\\"0\\\" cellspacing=\\\"0\\\" cellpadding=\\\"0\\\">\\n\n\n<tbody>\\n\n\n<tr>\\n\n\n<td colspan=\\\"2\\\">\\n\n\n<h5>Simule les conditions climatiques lors des transports<\\\/h5>\\n<\\\/td>\\n<\\\/tr>\\n\n\n<tr>\\n\n\n<td width=\\\"110\\\">Norme:<\\\/td>\\n\n\n<td>ISO 23160<\\\/td>\\n<\\\/tr>\\n\n\n<tr>\\n\n\n<td width=\\\"110\\\">Equipement:<\\\/td>\\n\n\n<td>Enceinte climatique<\\\/td>\\n<\\\/tr>\\n\n\n<tr>\\n\n\n<td width=\\\"110\\\">Accr\\u00e9ditation:<\\\/td>\\n\n\n<td>Oui<\\\/td>\\n<\\\/tr>\\n\n\n<tr>\\n\n\n<td width=\\\"110\\\" valign=\\\"top\\\">Secteurs d'activit\\u00e9s:<\\\/td>\\n\n\n<td valign=\\\"top\\\">Transport, Horlogerie, M\\u00e9tallurgie, Bijouterie, Maroquinerie, Packaging \\\/ display, M\\u00e9dical, T\\u00e9l\\u00e9phonie, Jouets, Lunetterie, Micro-\\u00e9lectronique, Instruments d'\\u00e9critures, Environnement<\\\/td>\\n<\\\/tr>\\n\n\n<tr>\\n\n\n<td width=\\\"110\\\">\\u00a0<\\\/td>\\n\n\n<td><\\\/td>\\n<\\\/tr>\\n<\\\/tbody>\\n<\\\/table>\\n<\\\/div>\\n<\\\/div>\\n<\\\/div>\\n\n\n<div class=\\\"new\\\"><\\\/div>\\n<\\\/div>\\n<\\\/div>\\n<\\\/div>\",\"title\":\"Test de conditions climatiques\"}},{\"type\":\"accordion_item\",\"props\":{\"content\":\"\n\n<div class=\\\"new\\\">\\n\n\n<div class=\\\"outer\\\">\\n\n\n<div class=\\\"inner\\\">\\n\n\n<div class=\\\"new\\\">\\n\n\n<div class=\\\"outer\\\">\\n\n\n<div class=\\\"inner\\\">\\n\n\n<table class=\\\"marges\\\" width=\\\"100%\\\" border=\\\"0\\\" cellspacing=\\\"0\\\" cellpadding=\\\"0\\\">\\n\n\n<tbody>\\n\n\n<tr>\\n\n\n<td colspan=\\\"2\\\">\\n\n\n<h5>Mise en situation de vibration \\u00e0 basses fr\\u00e9quences de l'objet<\\\/h5>\\n<\\\/td>\\n<\\\/tr>\\n\n\n<tr>\\n\n\n<td width=\\\"110\\\">Norme:<\\\/td>\\n\n\n<td>NF H00.043<\\\/td>\\n<\\\/tr>\\n\n\n<tr>\\n\n\n<td width=\\\"110\\\">Equipement:<\\\/td>\\n\n\n<td>\\u00e9quipement d\\u00e9velopp\\u00e9 par le labo<\\\/td>\\n<\\\/tr>\\n\n\n<tr>\\n\n\n<td width=\\\"110\\\">Accr\\u00e9ditation:<\\\/td>\\n\n\n<td>Non<\\\/td>\\n<\\\/tr>\\n\n\n<tr>\\n\n\n<td width=\\\"110\\\" valign=\\\"top\\\">Secteurs d'activit\\u00e9s:<\\\/td>\\n\n\n<td valign=\\\"top\\\">Transport, Horlogerie, M\\u00e9tallurgie, Bijouterie, Maroquinerie, Packaging \\\/ display, M\\u00e9dical, T\\u00e9l\\u00e9phonie, Jouets, Lunetterie, Micro-\\u00e9lectronique, Instruments d'\\u00e9critures, Environnement<\\\/td>\\n<\\\/tr>\\n\n\n<tr>\\n\n\n<td width=\\\"110\\\">\\u00a0<\\\/td>\\n\n\n<td><\\\/td>\\n<\\\/tr>\\n<\\\/tbody>\\n<\\\/table>\\n<\\\/div>\\n<\\\/div>\\n<\\\/div>\\n<\\\/div>\\n<\\\/div>\\n<\\\/div>\\n\n\n<div class=\\\"new\\\">\\n\n\n<div class=\\\"outer\\\">\\n\n\n<div class=\\\"inner\\\">\\n\n\n<div class=\\\"new\\\">\\n\n\n<h2 class=\\\"h\\\"><\\\/h2>\\n<\\\/div>\\n<\\\/div>\\n<\\\/div>\\n<\\\/div>\",\"title\":\"Vibrations \\u00e0 basses fr\\u00e9quences fixes\"}}]}]}]}]}],\"version\":\"4.5.14\"} --><\/p>\n","protected":false},"excerpt":{"rendered":"<p>Test de transport sur emballage Retour Chocs horizontaux Mise en situation de chocs horizontaux Norme: NF H00.047 \/ ISO 1413 Equipement: Mouton-pendule Accr\u00e9ditation: Oui Secteurs d&rsquo;activit\u00e9s: Transport, Horlogerie, M\u00e9tallurgie, Bijouterie, Maroquinerie, Packaging \/ display, M\u00e9dical, T\u00e9l\u00e9phonie, Jouets, Lunetterie, Micro-\u00e9lectronique, Instruments d&rsquo;\u00e9critures, Environnement Chocs verticaux par chute libre Simulation de chute libre de l&rsquo;objet Norme: ISO [&hellip;]<\/p>\n","protected":false},"author":5,"featured_media":0,"parent":0,"menu_order":0,"comment_status":"closed","ping_status":"closed","template":"","meta":{"footnotes":""},"class_list":["post-31868","page","type-page","status-publish","hentry"],"yoast_head":"<!-- This site is optimized with the Yoast SEO plugin v27.3 - https:\/\/yoast.com\/product\/yoast-seo-wordpress\/ -->\n<title>Test de transport sur emballage - Laboratoire Horloger - Metallo-Tests SA - La Chaux-de-Fonds<\/title>\n<meta name=\"description\" content=\"D\u00e9couvrez les diff\u00e9rentes analyses possible par secteur d&#039;activit\u00e9. D\u00e9couvrez \u00e9galement les d\u00e9partements du laboratoire Metallo-Tests\" \/>\n<meta name=\"robots\" content=\"index, follow, max-snippet:-1, max-image-preview:large, max-video-preview:-1\" \/>\n<link rel=\"canonical\" href=\"https:\/\/www.metallo-tests.ch\/en\/test-emballage\/\" \/>\n<meta property=\"og:locale\" content=\"en_US\" \/>\n<meta property=\"og:type\" content=\"article\" \/>\n<meta property=\"og:title\" content=\"Test de transport sur emballage - Laboratoire Horloger - Metallo-Tests SA - La Chaux-de-Fonds\" \/>\n<meta property=\"og:description\" content=\"D\u00e9couvrez les diff\u00e9rentes analyses possible par secteur d&#039;activit\u00e9. D\u00e9couvrez \u00e9galement les d\u00e9partements du laboratoire Metallo-Tests\" \/>\n<meta property=\"og:url\" content=\"https:\/\/www.metallo-tests.ch\/en\/test-emballage\/\" \/>\n<meta property=\"og:site_name\" content=\"Laboratoire Horloger - Metallo-Tests SA - La Chaux-de-Fonds\" \/>\n<meta property=\"article:modified_time\" content=\"2025-06-27T08:31:32+00:00\" \/>\n<meta property=\"og:image\" content=\"https:\/\/www.metallo-tests.ch\/wp-content\/uploads\/2025\/04\/METALLO-TEST_LOGO_04_COULEURS@4x-100-scaled.jpg\" \/>\n\t<meta property=\"og:image:width\" content=\"2560\" \/>\n\t<meta property=\"og:image:height\" content=\"1640\" \/>\n\t<meta property=\"og:image:type\" content=\"image\/jpeg\" \/>\n<meta name=\"twitter:card\" content=\"summary_large_image\" \/>\n<meta name=\"twitter:label1\" content=\"Est. reading time\" \/>\n\t<meta name=\"twitter:data1\" content=\"33 minutes\" \/>\n<script type=\"application\/ld+json\" class=\"yoast-schema-graph\">{\"@context\":\"https:\\\/\\\/schema.org\",\"@graph\":[{\"@type\":\"WebPage\",\"@id\":\"https:\\\/\\\/www.metallo-tests.ch\\\/test-emballage\\\/\",\"url\":\"https:\\\/\\\/www.metallo-tests.ch\\\/test-emballage\\\/\",\"name\":\"Test de transport sur emballage - Laboratoire Horloger - Metallo-Tests SA - La Chaux-de-Fonds\",\"isPartOf\":{\"@id\":\"https:\\\/\\\/www.metallo-tests.ch\\\/#website\"},\"datePublished\":\"2024-11-24T13:42:45+00:00\",\"dateModified\":\"2025-06-27T08:31:32+00:00\",\"description\":\"D\u00e9couvrez les diff\u00e9rentes analyses possible par secteur d'activit\u00e9. D\u00e9couvrez \u00e9galement les d\u00e9partements du laboratoire Metallo-Tests\",\"breadcrumb\":{\"@id\":\"https:\\\/\\\/www.metallo-tests.ch\\\/test-emballage\\\/#breadcrumb\"},\"inLanguage\":\"en-US\",\"potentialAction\":[{\"@type\":\"ReadAction\",\"target\":[\"https:\\\/\\\/www.metallo-tests.ch\\\/test-emballage\\\/\"]}]},{\"@type\":\"BreadcrumbList\",\"@id\":\"https:\\\/\\\/www.metallo-tests.ch\\\/test-emballage\\\/#breadcrumb\",\"itemListElement\":[{\"@type\":\"ListItem\",\"position\":1,\"name\":\"Accueil\",\"item\":\"https:\\\/\\\/www.metallo-tests.ch\\\/\"},{\"@type\":\"ListItem\",\"position\":2,\"name\":\"Test de transport sur emballage\"}]},{\"@type\":\"WebSite\",\"@id\":\"https:\\\/\\\/www.metallo-tests.ch\\\/#website\",\"url\":\"https:\\\/\\\/www.metallo-tests.ch\\\/\",\"name\":\"Laboratoire Horloger - Metallo-Tests SA - La Chaux-de-Fonds\",\"description\":\"Laboratoire d&#039;analyses et homologation pour le secteur du luxe\",\"publisher\":{\"@id\":\"https:\\\/\\\/www.metallo-tests.ch\\\/#organization\"},\"alternateName\":\"Laboratoire Metallo-Tests SA\",\"potentialAction\":[{\"@type\":\"SearchAction\",\"target\":{\"@type\":\"EntryPoint\",\"urlTemplate\":\"https:\\\/\\\/www.metallo-tests.ch\\\/?s={search_term_string}\"},\"query-input\":{\"@type\":\"PropertyValueSpecification\",\"valueRequired\":true,\"valueName\":\"search_term_string\"}}],\"inLanguage\":\"en-US\"},{\"@type\":\"Organization\",\"@id\":\"https:\\\/\\\/www.metallo-tests.ch\\\/#organization\",\"name\":\"Laboratoire Horloger - Metallo-Tests SA\",\"alternateName\":\"Laboratoire Metallo-Tests SA\",\"url\":\"https:\\\/\\\/www.metallo-tests.ch\\\/\",\"logo\":{\"@type\":\"ImageObject\",\"inLanguage\":\"en-US\",\"@id\":\"https:\\\/\\\/www.metallo-tests.ch\\\/#\\\/schema\\\/logo\\\/image\\\/\",\"url\":\"https:\\\/\\\/www.metallo-tests.ch\\\/wp-content\\\/uploads\\\/2025\\\/04\\\/METALLO-TEST_LOGO_04_COULEURS@4x-100-scaled.jpg\",\"contentUrl\":\"https:\\\/\\\/www.metallo-tests.ch\\\/wp-content\\\/uploads\\\/2025\\\/04\\\/METALLO-TEST_LOGO_04_COULEURS@4x-100-scaled.jpg\",\"width\":2560,\"height\":1640,\"caption\":\"Laboratoire Horloger - Metallo-Tests SA\"},\"image\":{\"@id\":\"https:\\\/\\\/www.metallo-tests.ch\\\/#\\\/schema\\\/logo\\\/image\\\/\"}}]}<\/script>\n<!-- \/ Yoast SEO plugin. -->","yoast_head_json":{"title":"Test de transport sur emballage - Laboratoire Horloger - Metallo-Tests SA - La Chaux-de-Fonds","description":"D\u00e9couvrez les diff\u00e9rentes analyses possible par secteur d'activit\u00e9. D\u00e9couvrez \u00e9galement les d\u00e9partements du laboratoire Metallo-Tests","robots":{"index":"index","follow":"follow","max-snippet":"max-snippet:-1","max-image-preview":"max-image-preview:large","max-video-preview":"max-video-preview:-1"},"canonical":"https:\/\/www.metallo-tests.ch\/en\/test-emballage\/","og_locale":"en_US","og_type":"article","og_title":"Test de transport sur emballage - Laboratoire Horloger - Metallo-Tests SA - La Chaux-de-Fonds","og_description":"D\u00e9couvrez les diff\u00e9rentes analyses possible par secteur d'activit\u00e9. D\u00e9couvrez \u00e9galement les d\u00e9partements du laboratoire Metallo-Tests","og_url":"https:\/\/www.metallo-tests.ch\/en\/test-emballage\/","og_site_name":"Laboratoire Horloger - Metallo-Tests SA - La Chaux-de-Fonds","article_modified_time":"2025-06-27T08:31:32+00:00","og_image":[{"width":2560,"height":1640,"url":"https:\/\/www.metallo-tests.ch\/wp-content\/uploads\/2025\/04\/METALLO-TEST_LOGO_04_COULEURS@4x-100-scaled.jpg","type":"image\/jpeg"}],"twitter_card":"summary_large_image","twitter_misc":{"Est. reading time":"33 minutes"},"schema":{"@context":"https:\/\/schema.org","@graph":[{"@type":"WebPage","@id":"https:\/\/www.metallo-tests.ch\/test-emballage\/","url":"https:\/\/www.metallo-tests.ch\/test-emballage\/","name":"Test de transport sur emballage - Laboratoire Horloger - Metallo-Tests SA - La Chaux-de-Fonds","isPartOf":{"@id":"https:\/\/www.metallo-tests.ch\/#website"},"datePublished":"2024-11-24T13:42:45+00:00","dateModified":"2025-06-27T08:31:32+00:00","description":"D\u00e9couvrez les diff\u00e9rentes analyses possible par secteur d'activit\u00e9. D\u00e9couvrez \u00e9galement les d\u00e9partements du laboratoire Metallo-Tests","breadcrumb":{"@id":"https:\/\/www.metallo-tests.ch\/test-emballage\/#breadcrumb"},"inLanguage":"en-US","potentialAction":[{"@type":"ReadAction","target":["https:\/\/www.metallo-tests.ch\/test-emballage\/"]}]},{"@type":"BreadcrumbList","@id":"https:\/\/www.metallo-tests.ch\/test-emballage\/#breadcrumb","itemListElement":[{"@type":"ListItem","position":1,"name":"Accueil","item":"https:\/\/www.metallo-tests.ch\/"},{"@type":"ListItem","position":2,"name":"Test de transport sur emballage"}]},{"@type":"WebSite","@id":"https:\/\/www.metallo-tests.ch\/#website","url":"https:\/\/www.metallo-tests.ch\/","name":"Laboratoire Horloger - Metallo-Tests SA - La Chaux-de-Fonds","description":"Laboratoire d&#039;analyses et homologation pour le secteur du luxe","publisher":{"@id":"https:\/\/www.metallo-tests.ch\/#organization"},"alternateName":"Laboratoire Metallo-Tests SA","potentialAction":[{"@type":"SearchAction","target":{"@type":"EntryPoint","urlTemplate":"https:\/\/www.metallo-tests.ch\/?s={search_term_string}"},"query-input":{"@type":"PropertyValueSpecification","valueRequired":true,"valueName":"search_term_string"}}],"inLanguage":"en-US"},{"@type":"Organization","@id":"https:\/\/www.metallo-tests.ch\/#organization","name":"Laboratoire Horloger - Metallo-Tests SA","alternateName":"Laboratoire Metallo-Tests SA","url":"https:\/\/www.metallo-tests.ch\/","logo":{"@type":"ImageObject","inLanguage":"en-US","@id":"https:\/\/www.metallo-tests.ch\/#\/schema\/logo\/image\/","url":"https:\/\/www.metallo-tests.ch\/wp-content\/uploads\/2025\/04\/METALLO-TEST_LOGO_04_COULEURS@4x-100-scaled.jpg","contentUrl":"https:\/\/www.metallo-tests.ch\/wp-content\/uploads\/2025\/04\/METALLO-TEST_LOGO_04_COULEURS@4x-100-scaled.jpg","width":2560,"height":1640,"caption":"Laboratoire Horloger - Metallo-Tests SA"},"image":{"@id":"https:\/\/www.metallo-tests.ch\/#\/schema\/logo\/image\/"}}]}},"jetpack_sharing_enabled":true,"_links":{"self":[{"href":"http:\/\/www.metallo-tests.ch\/en\/wp-json\/wp\/v2\/pages\/31868","targetHints":{"allow":["GET"]}}],"collection":[{"href":"http:\/\/www.metallo-tests.ch\/en\/wp-json\/wp\/v2\/pages"}],"about":[{"href":"http:\/\/www.metallo-tests.ch\/en\/wp-json\/wp\/v2\/types\/page"}],"author":[{"embeddable":true,"href":"http:\/\/www.metallo-tests.ch\/en\/wp-json\/wp\/v2\/users\/5"}],"replies":[{"embeddable":true,"href":"http:\/\/www.metallo-tests.ch\/en\/wp-json\/wp\/v2\/comments?post=31868"}],"version-history":[{"count":6,"href":"http:\/\/www.metallo-tests.ch\/en\/wp-json\/wp\/v2\/pages\/31868\/revisions"}],"predecessor-version":[{"id":32602,"href":"http:\/\/www.metallo-tests.ch\/en\/wp-json\/wp\/v2\/pages\/31868\/revisions\/32602"}],"wp:attachment":[{"href":"http:\/\/www.metallo-tests.ch\/en\/wp-json\/wp\/v2\/media?parent=31868"}],"curies":[{"name":"wp","href":"https:\/\/api.w.org\/{rel}","templated":true}]}}