{"id":31864,"date":"2024-11-24T14:40:27","date_gmt":"2024-11-24T13:40:27","guid":{"rendered":"https:\/\/www.metallo-tests.ch\/?page_id=31864"},"modified":"2025-06-27T10:25:27","modified_gmt":"2025-06-27T08:25:27","slug":"consulting","status":"publish","type":"page","link":"http:\/\/www.metallo-tests.ch\/en\/consulting\/","title":{"rendered":"Consulting, Testing, Certifications"},"content":{"rendered":"<h1>Consulting, Contr\u00f4le, Homologations<\/h1>\n<p><p>\n        <a href=\"https:\/\/www.metallo-tests.ch\/par-secteur-activite\/#consulting\">Retour<\/a>\n    <\/p>\n<\/p>\n<hr>\n<ul>\n<li>\n<h3>Consulting<\/h3>\n<div>\n<table class=\"marges\" width=\"100%\" border=\"0\" cellspacing=\"0\" cellpadding=\"0\">\n<tbody>\n<tr>\n<td colspan=\"2\">\n<h5>Soutien et gestion de projet et demande, suivi et mise en place d&rsquo;actions correctives et conseil chez les clients<\/h5>\n<\/td>\n<\/tr>\n<tr>\n<td width=\"110\" valign=\"top\"><\/td>\n<td valign=\"top\"><\/td>\n<\/tr>\n<\/tbody>\n<\/table>\n<\/div>\n<\/li>\n<li>\n<h3>Homologation<\/h3>\n<div>\n<table class=\"marges\" width=\"100%\" border=\"0\" cellspacing=\"0\" cellpadding=\"0\">\n<tbody>\n<tr>\n<td colspan=\"2\">\n<h5>Bo\u00eetes, cadrans, Bracelets cuirs &#8211; polym\u00e8res &#8211; m\u00e9tal, aiguilles, fermoir, boucle, packaging, display.<\/p>\n<p>R\u00e9alisation et mise en place de gammes de tests selon sp\u00e9cifications<\/h5>\n<\/td>\n<\/tr>\n<tr>\n<td width=\"110\" valign=\"top\"><\/td>\n<td valign=\"top\"><\/td>\n<\/tr>\n<\/tbody>\n<\/table>\n<\/div>\n<\/li>\n<\/ul>\n<ul>\n<li>\n<h3>REACH<\/h3>\n<div>\n<table class=\"marges\" width=\"100%\" border=\"0\" cellspacing=\"0\" cellpadding=\"0\">\n<tbody>\n<tr>\n<td colspan=\"2\">\n<h5>REACH est un r\u00e8glement europ\u00e9en r\u00e9gi par l\u2019ECHA (European CHemicals Agency) bas\u00e9e \u00e0 Helsinki. Il a \u00e9t\u00e9 adopt\u00e9 pour mieux prot\u00e9ger la sant\u00e9 et l\u2019environnement contre les risques li\u00e9s aux substances chimiques. Ce r\u00e8glement exige que tout produit chimique entrant en Europe soit enregistr\u00e9 dans le but de conna\u00eetre \u00e0 quelle fin il sera utilis\u00e9.<\/h5>\n<\/td>\n<\/tr>\n<tr>\n<td width=\"110\" valign=\"top\"><\/td>\n<td valign=\"top\"><\/td>\n<\/tr>\n<\/tbody>\n<\/table>\n<\/div>\n<\/li>\n<li>\n<h3>RoHS<\/h3>\n<div>\n<table class=\"marges\" width=\"100%\" border=\"0\" cellspacing=\"0\" cellpadding=\"0\">\n<tbody>\n<tr>\n<td colspan=\"2\">\n<h5>Restriction of the use of certain Hazardous Substances.<br \/>Dosage des m\u00e9taux lourds tels que Pb \/ Cd \/ Hg par ICP Plasma.<br \/>Dosage des retardateurs de flammes polybrom\u00e9s (PBB et PBBE) par GC-MS<\/h5>\n<\/td>\n<\/tr>\n<tr>\n<td width=\"110\"><\/td>\n<td><\/td>\n<\/tr>\n<tr>\n<td width=\"110\" valign=\"top\"><\/td>\n<td valign=\"top\"><\/td>\n<\/tr>\n<\/tbody>\n<\/table>\n<\/div>\n<\/li>\n<\/ul>\n<p><!--more--><br \/>\n<!-- {\"type\":\"layout\",\"children\":[{\"type\":\"section\",\"props\":{\"image_position\":\"center-center\",\"style\":\"default\",\"title_breakpoint\":\"xl\",\"title_position\":\"top-left\",\"title_rotation\":\"left\",\"vertical_align\":\"\",\"width\":\"default\"},\"children\":[{\"type\":\"row\",\"children\":[{\"type\":\"column\",\"props\":{\"image_position\":\"center-center\",\"position_sticky_breakpoint\":\"m\",\"width_medium\":\"4-5\"},\"children\":[{\"type\":\"headline\",\"props\":{\"content\":\"Consulting, Contr\\u00f4le, Homologations\",\"margin\":\"large\",\"title_color\":\"primary\",\"title_element\":\"h1\"}}]},{\"type\":\"column\",\"props\":{\"image_position\":\"center-center\",\"position_sticky_breakpoint\":\"m\",\"width_medium\":\"1-5\"},\"children\":[{\"type\":\"button\",\"props\":{\"grid_column_gap\":\"small\",\"grid_row_gap\":\"small\",\"margin\":\"default\"},\"children\":[{\"type\":\"button_item\",\"props\":{\"button_style\":\"text\",\"content\":\"Retour\",\"dialog_layout\":\"modal\",\"dialog_offcanvas_flip\":true,\"icon_align\":\"left\",\"link\":\"https:\\\/\\\/www.metallo-tests.ch\\\/par-secteur-activite\\\/#consulting\"}}]}]}],\"props\":{\"layout\":\"4-5,1-5\"}},{\"type\":\"row\",\"children\":[{\"type\":\"column\",\"props\":{\"image_position\":\"center-center\",\"position_sticky_breakpoint\":\"m\"},\"children\":[{\"type\":\"divider\",\"props\":{\"divider_element\":\"hr\",\"divider_style\":\"small\",\"id\":\"Homologations\",\"margin\":\"large\"}}]}]},{\"type\":\"row\",\"props\":{\"layout\":\"1-2,1-2\"},\"children\":[{\"type\":\"column\",\"props\":{\"image_position\":\"center-center\",\"position_sticky_breakpoint\":\"m\",\"width_medium\":\"1-2\"},\"children\":[{\"type\":\"accordion\",\"props\":{\"collapsible\":true,\"content_column_breakpoint\":\"m\",\"image_align\":\"top\",\"image_grid_breakpoint\":\"m\",\"image_grid_width\":\"1-2\",\"image_svg_color\":\"emphasis\",\"link_style\":\"default\",\"link_text\":\"Read more\",\"show_image\":true,\"show_link\":true},\"children\":[{\"type\":\"accordion_item\",\"props\":{\"content\":\"\n\n<table class=\\\"marges\\\" width=\\\"100%\\\" border=\\\"0\\\" cellspacing=\\\"0\\\" cellpadding=\\\"0\\\">\\n\n\n<tbody>\\n\n\n<tr>\\n\n\n<td colspan=\\\"2\\\">\\n\n\n<h5>Soutien et gestion de projet et demande, suivi et mise en place d'actions correctives et conseil chez les clients<\\\/h5>\\n<\\\/td>\\n<\\\/tr>\\n\n\n<tr>\\n\n\n<td width=\\\"110\\\" valign=\\\"top\\\"><\\\/td>\\n\n\n<td valign=\\\"top\\\"><\\\/td>\\n<\\\/tr>\\n<\\\/tbody>\\n<\\\/table>\",\"title\":\"Consulting\"}},{\"type\":\"accordion_item\",\"props\":{\"content\":\"\n\n<table class=\\\"marges\\\" width=\\\"100%\\\" border=\\\"0\\\" cellspacing=\\\"0\\\" cellpadding=\\\"0\\\">\\n\n\n<tbody>\\n\n\n<tr>\\n\n\n<td colspan=\\\"2\\\">\\n\n\n<h5>Bo\\u00eetes, cadrans, Bracelets cuirs - polym\\u00e8res - m\\u00e9tal, aiguilles, fermoir, boucle, packaging, display.<br \\\/><br \\\/>R\\u00e9alisation et mise en place de gammes de tests selon sp\\u00e9cifications<\\\/h5>\\n<\\\/td>\\n<\\\/tr>\\n\n\n<tr>\\n\n\n<td width=\\\"110\\\" valign=\\\"top\\\"><\\\/td>\\n\n\n<td valign=\\\"top\\\"><\\\/td>\\n<\\\/tr>\\n<\\\/tbody>\\n<\\\/table>\",\"title\":\"Homologation\"}}]}]},{\"type\":\"column\",\"props\":{\"image_position\":\"center-center\",\"position_sticky_breakpoint\":\"m\",\"width_medium\":\"1-2\"},\"children\":[{\"type\":\"accordion\",\"props\":{\"collapsible\":true,\"content_column_breakpoint\":\"m\",\"image_align\":\"top\",\"image_grid_breakpoint\":\"m\",\"image_grid_width\":\"1-2\",\"image_svg_color\":\"emphasis\",\"link_style\":\"default\",\"link_text\":\"Read more\",\"show_image\":true,\"show_link\":true},\"children\":[{\"type\":\"accordion_item\",\"props\":{\"content\":\"\n\n<table class=\\\"marges\\\" width=\\\"100%\\\" border=\\\"0\\\" cellspacing=\\\"0\\\" cellpadding=\\\"0\\\">\\n\n\n<tbody>\\n\n\n<tr>\\n\n\n<td colspan=\\\"2\\\">\\n\n\n<h5>REACH est un r\\u00e8glement europ\\u00e9en r\\u00e9gi par l\\u2019ECHA (European CHemicals Agency) bas\\u00e9e \\u00e0 Helsinki. Il a \\u00e9t\\u00e9 adopt\\u00e9 pour mieux prot\\u00e9ger la sant\\u00e9 et l\\u2019environnement contre les risques li\\u00e9s aux substances chimiques. Ce r\\u00e8glement exige que tout produit chimique entrant en Europe soit enregistr\\u00e9 dans le but de conna\\u00eetre \\u00e0 quelle fin il sera utilis\\u00e9.<\\\/h5>\\n<\\\/td>\\n<\\\/tr>\\n\n\n<tr>\\n\n\n<td width=\\\"110\\\" valign=\\\"top\\\"><\\\/td>\\n\n\n<td valign=\\\"top\\\"><\\\/td>\\n<\\\/tr>\\n<\\\/tbody>\\n<\\\/table>\",\"title\":\"REACH\"}},{\"type\":\"accordion_item\",\"props\":{\"content\":\"\n\n<table class=\\\"marges\\\" width=\\\"100%\\\" border=\\\"0\\\" cellspacing=\\\"0\\\" cellpadding=\\\"0\\\">\\n\n\n<tbody>\\n\n\n<tr>\\n\n\n<td colspan=\\\"2\\\">\\n\n\n<h5>Restriction of the use of certain Hazardous Substances.<br \\\/>Dosage des m\\u00e9taux lourds tels que Pb \\\/ Cd \\\/ Hg par ICP Plasma.<br \\\/>Dosage des retardateurs de flammes polybrom\\u00e9s (PBB et PBBE) par GC-MS<\\\/h5>\\n<\\\/td>\\n<\\\/tr>\\n\n\n<tr>\\n\n\n<td width=\\\"110\\\"><\\\/td>\\n\n\n<td><\\\/td>\\n<\\\/tr>\\n\n\n<tr>\\n\n\n<td width=\\\"110\\\" valign=\\\"top\\\"><\\\/td>\\n\n\n<td valign=\\\"top\\\"><\\\/td>\\n<\\\/tr>\\n<\\\/tbody>\\n<\\\/table>\",\"title\":\"RoHS\"}}]}]}]}]}],\"version\":\"4.5.14\"} --><\/p>\n","protected":false},"excerpt":{"rendered":"<p>Consulting, Contr\u00f4le, Homologations Retour Consulting Soutien et gestion de projet et demande, suivi et mise en place d&rsquo;actions correctives et conseil chez les clients Homologation Bo\u00eetes, cadrans, Bracelets cuirs &#8211; polym\u00e8res &#8211; m\u00e9tal, aiguilles, fermoir, boucle, packaging, display. R\u00e9alisation et mise en place de gammes de tests selon sp\u00e9cifications REACH REACH est un r\u00e8glement europ\u00e9en [&hellip;]<\/p>\n","protected":false},"author":5,"featured_media":0,"parent":0,"menu_order":0,"comment_status":"closed","ping_status":"closed","template":"","meta":{"footnotes":""},"class_list":["post-31864","page","type-page","status-publish","hentry"],"yoast_head":"<!-- This site is optimized with the Yoast SEO plugin v27.3 - https:\/\/yoast.com\/product\/yoast-seo-wordpress\/ -->\n<title>Consulting, Contr\u00f4le, Homologations - Laboratoire Horloger - Metallo-Tests SA - La Chaux-de-Fonds<\/title>\n<meta name=\"description\" content=\"D\u00e9couvrez les diff\u00e9rentes analyses possible par secteur d&#039;activit\u00e9. D\u00e9couvrez \u00e9galement les d\u00e9partements du laboratoire Metallo-Tests\" \/>\n<meta name=\"robots\" content=\"index, follow, max-snippet:-1, max-image-preview:large, max-video-preview:-1\" \/>\n<link rel=\"canonical\" href=\"https:\/\/www.metallo-tests.ch\/en\/consulting\/\" \/>\n<meta property=\"og:locale\" content=\"en_US\" \/>\n<meta property=\"og:type\" content=\"article\" \/>\n<meta property=\"og:title\" content=\"Consulting, Contr\u00f4le, Homologations - Laboratoire Horloger - Metallo-Tests SA - La Chaux-de-Fonds\" \/>\n<meta property=\"og:description\" content=\"D\u00e9couvrez les diff\u00e9rentes analyses possible par secteur d&#039;activit\u00e9. D\u00e9couvrez \u00e9galement les d\u00e9partements du laboratoire Metallo-Tests\" \/>\n<meta property=\"og:url\" content=\"https:\/\/www.metallo-tests.ch\/en\/consulting\/\" \/>\n<meta property=\"og:site_name\" content=\"Laboratoire Horloger - Metallo-Tests SA - La Chaux-de-Fonds\" \/>\n<meta property=\"article:modified_time\" content=\"2025-06-27T08:25:27+00:00\" \/>\n<meta property=\"og:image\" content=\"https:\/\/www.metallo-tests.ch\/wp-content\/uploads\/2025\/04\/METALLO-TEST_LOGO_04_COULEURS@4x-100-scaled.jpg\" \/>\n\t<meta property=\"og:image:width\" content=\"2560\" \/>\n\t<meta property=\"og:image:height\" content=\"1640\" \/>\n\t<meta property=\"og:image:type\" content=\"image\/jpeg\" \/>\n<meta name=\"twitter:card\" content=\"summary_large_image\" \/>\n<meta name=\"twitter:label1\" content=\"Est. reading time\" \/>\n\t<meta name=\"twitter:data1\" content=\"33 minutes\" \/>\n<script type=\"application\/ld+json\" class=\"yoast-schema-graph\">{\"@context\":\"https:\\\/\\\/schema.org\",\"@graph\":[{\"@type\":\"WebPage\",\"@id\":\"https:\\\/\\\/www.metallo-tests.ch\\\/consulting\\\/\",\"url\":\"https:\\\/\\\/www.metallo-tests.ch\\\/consulting\\\/\",\"name\":\"Consulting, Contr\u00f4le, Homologations - Laboratoire Horloger - Metallo-Tests SA - La Chaux-de-Fonds\",\"isPartOf\":{\"@id\":\"https:\\\/\\\/www.metallo-tests.ch\\\/#website\"},\"datePublished\":\"2024-11-24T13:40:27+00:00\",\"dateModified\":\"2025-06-27T08:25:27+00:00\",\"description\":\"D\u00e9couvrez les diff\u00e9rentes analyses possible par secteur d'activit\u00e9. D\u00e9couvrez \u00e9galement les d\u00e9partements du laboratoire Metallo-Tests\",\"breadcrumb\":{\"@id\":\"https:\\\/\\\/www.metallo-tests.ch\\\/consulting\\\/#breadcrumb\"},\"inLanguage\":\"en-US\",\"potentialAction\":[{\"@type\":\"ReadAction\",\"target\":[\"https:\\\/\\\/www.metallo-tests.ch\\\/consulting\\\/\"]}]},{\"@type\":\"BreadcrumbList\",\"@id\":\"https:\\\/\\\/www.metallo-tests.ch\\\/consulting\\\/#breadcrumb\",\"itemListElement\":[{\"@type\":\"ListItem\",\"position\":1,\"name\":\"Accueil\",\"item\":\"https:\\\/\\\/www.metallo-tests.ch\\\/\"},{\"@type\":\"ListItem\",\"position\":2,\"name\":\"Consulting, Contr\u00f4le, Homologations\"}]},{\"@type\":\"WebSite\",\"@id\":\"https:\\\/\\\/www.metallo-tests.ch\\\/#website\",\"url\":\"https:\\\/\\\/www.metallo-tests.ch\\\/\",\"name\":\"Laboratoire Horloger - Metallo-Tests SA - La Chaux-de-Fonds\",\"description\":\"Laboratoire d&#039;analyses et homologation pour le secteur du luxe\",\"publisher\":{\"@id\":\"https:\\\/\\\/www.metallo-tests.ch\\\/#organization\"},\"alternateName\":\"Laboratoire Metallo-Tests SA\",\"potentialAction\":[{\"@type\":\"SearchAction\",\"target\":{\"@type\":\"EntryPoint\",\"urlTemplate\":\"https:\\\/\\\/www.metallo-tests.ch\\\/?s={search_term_string}\"},\"query-input\":{\"@type\":\"PropertyValueSpecification\",\"valueRequired\":true,\"valueName\":\"search_term_string\"}}],\"inLanguage\":\"en-US\"},{\"@type\":\"Organization\",\"@id\":\"https:\\\/\\\/www.metallo-tests.ch\\\/#organization\",\"name\":\"Laboratoire Horloger - Metallo-Tests SA\",\"alternateName\":\"Laboratoire Metallo-Tests SA\",\"url\":\"https:\\\/\\\/www.metallo-tests.ch\\\/\",\"logo\":{\"@type\":\"ImageObject\",\"inLanguage\":\"en-US\",\"@id\":\"https:\\\/\\\/www.metallo-tests.ch\\\/#\\\/schema\\\/logo\\\/image\\\/\",\"url\":\"https:\\\/\\\/www.metallo-tests.ch\\\/wp-content\\\/uploads\\\/2025\\\/04\\\/METALLO-TEST_LOGO_04_COULEURS@4x-100-scaled.jpg\",\"contentUrl\":\"https:\\\/\\\/www.metallo-tests.ch\\\/wp-content\\\/uploads\\\/2025\\\/04\\\/METALLO-TEST_LOGO_04_COULEURS@4x-100-scaled.jpg\",\"width\":2560,\"height\":1640,\"caption\":\"Laboratoire Horloger - Metallo-Tests SA\"},\"image\":{\"@id\":\"https:\\\/\\\/www.metallo-tests.ch\\\/#\\\/schema\\\/logo\\\/image\\\/\"}}]}<\/script>\n<!-- \/ Yoast SEO plugin. -->","yoast_head_json":{"title":"Consulting, Contr\u00f4le, Homologations - Laboratoire Horloger - Metallo-Tests SA - La Chaux-de-Fonds","description":"D\u00e9couvrez les diff\u00e9rentes analyses possible par secteur d'activit\u00e9. D\u00e9couvrez \u00e9galement les d\u00e9partements du laboratoire Metallo-Tests","robots":{"index":"index","follow":"follow","max-snippet":"max-snippet:-1","max-image-preview":"max-image-preview:large","max-video-preview":"max-video-preview:-1"},"canonical":"https:\/\/www.metallo-tests.ch\/en\/consulting\/","og_locale":"en_US","og_type":"article","og_title":"Consulting, Contr\u00f4le, Homologations - Laboratoire Horloger - Metallo-Tests SA - La Chaux-de-Fonds","og_description":"D\u00e9couvrez les diff\u00e9rentes analyses possible par secteur d'activit\u00e9. D\u00e9couvrez \u00e9galement les d\u00e9partements du laboratoire Metallo-Tests","og_url":"https:\/\/www.metallo-tests.ch\/en\/consulting\/","og_site_name":"Laboratoire Horloger - Metallo-Tests SA - La Chaux-de-Fonds","article_modified_time":"2025-06-27T08:25:27+00:00","og_image":[{"width":2560,"height":1640,"url":"https:\/\/www.metallo-tests.ch\/wp-content\/uploads\/2025\/04\/METALLO-TEST_LOGO_04_COULEURS@4x-100-scaled.jpg","type":"image\/jpeg"}],"twitter_card":"summary_large_image","twitter_misc":{"Est. reading time":"33 minutes"},"schema":{"@context":"https:\/\/schema.org","@graph":[{"@type":"WebPage","@id":"https:\/\/www.metallo-tests.ch\/consulting\/","url":"https:\/\/www.metallo-tests.ch\/consulting\/","name":"Consulting, Contr\u00f4le, Homologations - Laboratoire Horloger - Metallo-Tests SA - La Chaux-de-Fonds","isPartOf":{"@id":"https:\/\/www.metallo-tests.ch\/#website"},"datePublished":"2024-11-24T13:40:27+00:00","dateModified":"2025-06-27T08:25:27+00:00","description":"D\u00e9couvrez les diff\u00e9rentes analyses possible par secteur d'activit\u00e9. D\u00e9couvrez \u00e9galement les d\u00e9partements du laboratoire Metallo-Tests","breadcrumb":{"@id":"https:\/\/www.metallo-tests.ch\/consulting\/#breadcrumb"},"inLanguage":"en-US","potentialAction":[{"@type":"ReadAction","target":["https:\/\/www.metallo-tests.ch\/consulting\/"]}]},{"@type":"BreadcrumbList","@id":"https:\/\/www.metallo-tests.ch\/consulting\/#breadcrumb","itemListElement":[{"@type":"ListItem","position":1,"name":"Accueil","item":"https:\/\/www.metallo-tests.ch\/"},{"@type":"ListItem","position":2,"name":"Consulting, Contr\u00f4le, Homologations"}]},{"@type":"WebSite","@id":"https:\/\/www.metallo-tests.ch\/#website","url":"https:\/\/www.metallo-tests.ch\/","name":"Laboratoire Horloger - Metallo-Tests SA - La Chaux-de-Fonds","description":"Laboratoire d&#039;analyses et homologation pour le secteur du luxe","publisher":{"@id":"https:\/\/www.metallo-tests.ch\/#organization"},"alternateName":"Laboratoire Metallo-Tests SA","potentialAction":[{"@type":"SearchAction","target":{"@type":"EntryPoint","urlTemplate":"https:\/\/www.metallo-tests.ch\/?s={search_term_string}"},"query-input":{"@type":"PropertyValueSpecification","valueRequired":true,"valueName":"search_term_string"}}],"inLanguage":"en-US"},{"@type":"Organization","@id":"https:\/\/www.metallo-tests.ch\/#organization","name":"Laboratoire Horloger - Metallo-Tests SA","alternateName":"Laboratoire Metallo-Tests SA","url":"https:\/\/www.metallo-tests.ch\/","logo":{"@type":"ImageObject","inLanguage":"en-US","@id":"https:\/\/www.metallo-tests.ch\/#\/schema\/logo\/image\/","url":"https:\/\/www.metallo-tests.ch\/wp-content\/uploads\/2025\/04\/METALLO-TEST_LOGO_04_COULEURS@4x-100-scaled.jpg","contentUrl":"https:\/\/www.metallo-tests.ch\/wp-content\/uploads\/2025\/04\/METALLO-TEST_LOGO_04_COULEURS@4x-100-scaled.jpg","width":2560,"height":1640,"caption":"Laboratoire Horloger - Metallo-Tests SA"},"image":{"@id":"https:\/\/www.metallo-tests.ch\/#\/schema\/logo\/image\/"}}]}},"jetpack_sharing_enabled":true,"_links":{"self":[{"href":"http:\/\/www.metallo-tests.ch\/en\/wp-json\/wp\/v2\/pages\/31864","targetHints":{"allow":["GET"]}}],"collection":[{"href":"http:\/\/www.metallo-tests.ch\/en\/wp-json\/wp\/v2\/pages"}],"about":[{"href":"http:\/\/www.metallo-tests.ch\/en\/wp-json\/wp\/v2\/types\/page"}],"author":[{"embeddable":true,"href":"http:\/\/www.metallo-tests.ch\/en\/wp-json\/wp\/v2\/users\/5"}],"replies":[{"embeddable":true,"href":"http:\/\/www.metallo-tests.ch\/en\/wp-json\/wp\/v2\/comments?post=31864"}],"version-history":[{"count":9,"href":"http:\/\/www.metallo-tests.ch\/en\/wp-json\/wp\/v2\/pages\/31864\/revisions"}],"predecessor-version":[{"id":32591,"href":"http:\/\/www.metallo-tests.ch\/en\/wp-json\/wp\/v2\/pages\/31864\/revisions\/32591"}],"wp:attachment":[{"href":"http:\/\/www.metallo-tests.ch\/en\/wp-json\/wp\/v2\/media?parent=31864"}],"curies":[{"name":"wp","href":"https:\/\/api.w.org\/{rel}","templated":true}]}}