{"id":29313,"date":"2021-10-12T19:47:15","date_gmt":"2021-10-12T17:47:15","guid":{"rendered":"https:\/\/new.metallo-tests.ch\/?page_id=29313"},"modified":"2025-07-16T11:01:13","modified_gmt":"2025-07-16T09:01:13","slug":"molecult","status":"publish","type":"page","link":"http:\/\/www.metallo-tests.ch\/en\/molecult\/","title":{"rendered":"Molecult"},"content":{"rendered":"<h1>D\u00e9couvrez l&rsquo;application <a href=\"https:\/\/molecult.metallo-tests.ch\/connexion\" class=\"news accnews\"><strong>Molecult<span>\u00ae<\/span><sup><\/sup><\/strong><\/a><\/h1>\n<p><img decoding=\"async\" src=\"\/wp-content\/uploads\/2022\/02\/MT_Sigle.png\" alt=\"\"><br \/>\n<video src=\"\/wp-content\/uploads\/2023\/05\/Molecult-site-internet-avec-musique.mp4\" poster=\"\"><\/video><\/p>\n<div>\n<p>L&rsquo;application Molecult \u00ae d\u00e9velopp\u00e9e par <strong><a href=\"http:\/\/www.metallo-tests.ch\">Metallo-Tests<\/a><\/strong> propose une solution simple et efficace adress\u00e9e \u00e0 toutes les entreprises actives dans le domaine du luxe ou de la s\u00e9curit\u00e9 et du suivi du syst\u00e8me au sein de leur entreprise.<\/p>\n<p><span>En plus de \u00e7a Molecult \u00ae regroupe toutes les substances chimiques en restriction pouvant se retrouver dans les composants horlogers et plus g\u00e9n\u00e9ralement dans les articles de luxe, list\u00e9es dans les r\u00e9glementations REACH, California Proposition 65, RoHS\u2026\u00a0<\/span><\/p>\n<\/div>\n<h2><strong><span>L&rsquo;application <a href=\"https:\/\/molecult.metallo-tests.ch\/connexion\">MOLECULT\u00ae<\/a> permet de :<\/span><sup><\/sup><\/strong><\/h2>\n<div>\n<p><img loading=\"lazy\" decoding=\"async\" src=\"http:\/\/www.metallo-tests.ch\/wp-content\/uploads\/2025\/03\/3traits-rouges.png\" alt=\"\" class=\"alignnone size-medium wp-image-29022\" width=\"1\" height=\"1\" \/><img loading=\"lazy\" decoding=\"async\" src=\"http:\/\/www.metallo-tests.ch\/wp-content\/uploads\/2025\/03\/3traits-rouges.png\" alt=\"\" class=\"alignnone wp-image-30313 \" width=\"24\" height=\"12\" \/>\u00a0 acc\u00e9der rapidement aux recherches par substance et avanc\u00e9e, au mode d\u2019emploi et au formulaire\u00a0<\/p>\n<p><img loading=\"lazy\" decoding=\"async\" src=\"http:\/\/www.metallo-tests.ch\/wp-content\/uploads\/2025\/03\/3traits-rouges.png\" alt=\"\" class=\"alignnone wp-image-30313 \" width=\"24\" height=\"12\" \/>\u00a0de demande d\u2019offres en lien avec vos recherches<\/p>\n<p><img loading=\"lazy\" decoding=\"async\" src=\"http:\/\/www.metallo-tests.ch\/wp-content\/uploads\/2025\/03\/3traits-rouges.png\" alt=\"\" class=\"alignnone wp-image-30313 \" width=\"24\" height=\"12\" \/>\u00a0 conna\u00eetre les limites l\u00e9gales des substances chimiques et \u00e0 quelle l\u00e9gislation elles se r\u00e9f\u00e8rent<\/p>\n<p><img loading=\"lazy\" decoding=\"async\" src=\"http:\/\/www.metallo-tests.ch\/wp-content\/uploads\/2025\/03\/3traits-rouges.png\" alt=\"\" class=\"alignnone wp-image-30313 \" width=\"24\" height=\"12\" \/>\u00a0 g\u00e9n\u00e9rer des listes de substances en restriction selon vos besoins<\/p>\n<p><img loading=\"lazy\" decoding=\"async\" src=\"http:\/\/www.metallo-tests.ch\/wp-content\/uploads\/2025\/03\/3traits-rouges.png\" alt=\"\" class=\"alignnone wp-image-30313 \" width=\"24\" height=\"12\" \/>\u00a0 personnaliser vos documents de recherche<\/p>\n<p><img loading=\"lazy\" decoding=\"async\" src=\"http:\/\/www.metallo-tests.ch\/wp-content\/uploads\/2025\/03\/3traits-rouges.png\" alt=\"\" class=\"alignnone wp-image-30313 \" width=\"24\" height=\"12\" \/>\u00a0 sauvegarder vos entr\u00e9es et de retrouver rapidement vos requ\u00eates<\/p>\n<p><img loading=\"lazy\" decoding=\"async\" src=\"http:\/\/www.metallo-tests.ch\/wp-content\/uploads\/2025\/03\/3traits-rouges.png\" alt=\"\" class=\"alignnone wp-image-30313 \" width=\"24\" height=\"12\" \/>\u00a0 rester inform\u00e9 des derni\u00e8res mises \u00e0 jour l\u00e9gislatives<\/p>\n<\/div>\n<div>\n<p><img loading=\"lazy\" decoding=\"async\" src=\"https:\/\/new.metallo-tests.ch\/wp-content\/uploads\/2021\/10\/MT_Sigle_web.svg\" alt=\"\" width=\"1\" height=\"1\" class=\"alignnone size-medium wp-image-29022\" \/><img loading=\"lazy\" decoding=\"async\" src=\"https:\/\/new.metallo-tests.ch\/wp-content\/uploads\/2022\/02\/MT_Sigle.png\" alt=\"\" width=\"24\" height=\"12\" class=\"alignnone wp-image-30313 \" \/><\/p>\n<p>d\u2019acc\u00e9der rapidement aux recherches par substance et avanc\u00e9e, au mode d\u2019emploi et au formulaire de demande d\u2019offres en lien avec vos recherches<\/p>\n<p><img loading=\"lazy\" decoding=\"async\" src=\"https:\/\/new.metallo-tests.ch\/wp-content\/uploads\/2022\/02\/MT_Sigle.png\" alt=\"\" width=\"24\" height=\"12\" class=\"alignnone wp-image-30313 \" \/><\/p>\n<p>de conna\u00eetre les limites l\u00e9gales des substances chimiques et \u00e0 quelle l\u00e9gislation elles se r\u00e9f\u00e8rent<\/p>\n<p><img loading=\"lazy\" decoding=\"async\" src=\"https:\/\/new.metallo-tests.ch\/wp-content\/uploads\/2022\/02\/MT_Sigle.png\" alt=\"\" width=\"24\" height=\"12\" class=\"alignnone wp-image-30313 \" \/><\/p>\n<p>de g\u00e9n\u00e9rer des listes de substances en restriction selon vos besoins<\/p>\n<p><img loading=\"lazy\" decoding=\"async\" src=\"https:\/\/new.metallo-tests.ch\/wp-content\/uploads\/2022\/02\/MT_Sigle.png\" alt=\"\" width=\"24\" height=\"12\" class=\"alignnone wp-image-30313 \" \/><\/p>\n<p>de personnaliser vos documents de recherche<\/p>\n<p><img loading=\"lazy\" decoding=\"async\" src=\"https:\/\/new.metallo-tests.ch\/wp-content\/uploads\/2022\/02\/MT_Sigle.png\" alt=\"\" width=\"24\" height=\"12\" class=\"alignnone wp-image-30313 \" \/><\/p>\n<p>de sauvegarder vos entr\u00e9es et de retrouver rapidement vos requ\u00eates<\/p>\n<p><img loading=\"lazy\" decoding=\"async\" src=\"https:\/\/new.metallo-tests.ch\/wp-content\/uploads\/2022\/02\/MT_Sigle.png\" alt=\"\" width=\"24\" height=\"12\" class=\"alignnone wp-image-30313 \" \/><\/p>\n<p>de rester inform\u00e9 des derni\u00e8res mises \u00e0 jour l\u00e9gislatives<\/p>\n<h5><\/h5>\n<\/div>\n<p><p>\n        <a href=\"https:\/\/molecult.metallo-tests.ch\/connexion\">Lancer Molecult<\/a>\n    <\/p>\n<\/p>\n<p><!--more--><br \/>\n<!-- {\"type\":\"layout\",\"children\":[{\"name\":\"Molecult\",\"type\":\"section\",\"props\":{\"animation\":\"slide-top-small\",\"animation_delay\":\"200\",\"height\":\"viewport\",\"height_offset_top\":true,\"image\":\"wp-content\\\/uploads\\\/2021\\\/10\\\/Metallo-Tests-1-6-scaled.jpg\",\"image_effect\":\"fixed\",\"image_position\":\"center-center\",\"image_size\":\"cover\",\"media_overlay\":\"rgba(255, 255, 255, 0.88)\",\"padding\":\"large\",\"style\":\"muted\",\"title_breakpoint\":\"xl\",\"title_position\":\"top-left\",\"title_rotation\":\"left\",\"vertical_align\":\"middle\",\"width\":\"default\"},\"children\":[{\"type\":\"row\",\"children\":[{\"type\":\"column\",\"props\":{\"image_position\":\"center-center\",\"position_sticky_breakpoint\":\"m\",\"width_medium\":\"1-1\"},\"children\":[{\"type\":\"headline\",\"props\":{\"content\":\"D\\u00e9couvrez l'application <a href=\\\"https:\\\/\\\/molecult.metallo-tests.ch\\\/connexion\\\" class=\\\"news accnews\\\"><strong>Molecult<span>\\u00ae<\\\/span><sup><\\\/sup><\\\/strong><\\\/a>\",\"margin_remove_top\":true,\"text_align\":\"center\",\"title_element\":\"h1\",\"title_style\":\"h1\"}},{\"type\":\"image\",\"props\":{\"image\":\"wp-content\\\/uploads\\\/2022\\\/02\\\/MT_Sigle.png\",\"image_svg_color\":\"emphasis\",\"image_width\":\"60\",\"margin\":\"default\",\"text_align\":\"center\"}},{\"type\":\"video\",\"props\":{\"animation\":\"slide-bottom\",\"margin\":\"medium\",\"margin_remove_top\":false,\"parallax_easing\":\"0.8\",\"parallax_y\":\"0,100\",\"text_align\":\"center\",\"video\":\"wp-content\\\/uploads\\\/2023\\\/05\\\/Molecult-site-internet-avec-musique.mp4\",\"video_autoplay\":true,\"video_controls\":false,\"video_loop\":true,\"video_playsinline\":true,\"video_width\":\"750\"}},{\"type\":\"text\",\"props\":{\"animation\":\"slide-bottom\",\"block_align\":\"center\",\"column_breakpoint\":\"m\",\"content\":\"\n\n<p>L'application Molecult \\u00ae d\\u00e9velopp\\u00e9e par <strong><a href=\\\"http:\\\/\\\/www.metallo-tests.ch\\\">Metallo-Tests<\\\/a><\\\/strong> propose une solution simple et efficace adress\\u00e9e \\u00e0 toutes les entreprises actives dans le domaine du luxe ou de la s\\u00e9curit\\u00e9 et du suivi du syst\\u00e8me au sein de leur entreprise.<br \\\/><br \\\/><span>En plus de \\u00e7a Molecult \\u00ae regroupe toutes les substances chimiques en restriction pouvant se retrouver dans les composants horlogers et plus g\\u00e9n\\u00e9ralement dans les articles de luxe, list\\u00e9es dans les r\\u00e9glementations REACH, California Proposition 65, RoHS\\u2026\\u00a0<\\\/span><\\\/p>\",\"margin\":\"medium\",\"margin_remove_bottom\":true,\"margin_remove_top\":true,\"maxwidth\":\"2xlarge\",\"text_align\":\"justify\"}}]}]},{\"type\":\"row\",\"children\":[{\"type\":\"column\",\"props\":{\"image_position\":\"center-center\",\"position_sticky_breakpoint\":\"m\"},\"children\":[{\"type\":\"headline\",\"props\":{\"animation\":\"slide-bottom\",\"content\":\"<strong><span>L'application <a href=\\\"https:\\\/\\\/molecult.metallo-tests.ch\\\/connexion\\\">MOLECULT\\u00ae<\\\/a> permet de :<\\\/span><sup><\\\/sup><\\\/strong>\",\"margin_remove_top\":true,\"text_align\":\"center\",\"title_element\":\"h2\",\"title_style\":\"h2\"}},{\"type\":\"text\",\"props\":{\"animation\":\"slide-bottom\",\"block_align\":\"center\",\"block_align_breakpoint\":\"m\",\"block_align_fallback\":\"center\",\"column_breakpoint\":\"m\",\"content\":\"\n\n<p><img src=\\\"http:\\\/\\\/www.metallo-tests.ch\\\/wp-content\\\/uploads\\\/2025\\\/03\\\/3traits-rouges.png\\\" alt=\\\"\\\" class=\\\"alignnone size-medium wp-image-29022\\\" width=\\\"1\\\" height=\\\"1\\\" \\\/><img src=\\\"http:\\\/\\\/www.metallo-tests.ch\\\/wp-content\\\/uploads\\\/2025\\\/03\\\/3traits-rouges.png\\\" alt=\\\"\\\" class=\\\"alignnone wp-image-30313 \\\" width=\\\"24\\\" height=\\\"12\\\" \\\/>\\u00a0 acc\\u00e9der rapidement aux recherches par substance et avanc\\u00e9e, au mode d\\u2019emploi et au formulaire\\u00a0<\\\/p>\\n\n\n<p><img src=\\\"http:\\\/\\\/www.metallo-tests.ch\\\/wp-content\\\/uploads\\\/2025\\\/03\\\/3traits-rouges.png\\\" alt=\\\"\\\" class=\\\"alignnone wp-image-30313 \\\" width=\\\"24\\\" height=\\\"12\\\" \\\/>\\u00a0de demande d\\u2019offres en lien avec vos recherches<\\\/p>\\n\n\n<p><img src=\\\"http:\\\/\\\/www.metallo-tests.ch\\\/wp-content\\\/uploads\\\/2025\\\/03\\\/3traits-rouges.png\\\" alt=\\\"\\\" class=\\\"alignnone wp-image-30313 \\\" width=\\\"24\\\" height=\\\"12\\\" \\\/>\\u00a0 conna\\u00eetre les limites l\\u00e9gales des substances chimiques et \\u00e0 quelle l\\u00e9gislation elles se r\\u00e9f\\u00e8rent<\\\/p>\\n\n\n<p><img src=\\\"http:\\\/\\\/www.metallo-tests.ch\\\/wp-content\\\/uploads\\\/2025\\\/03\\\/3traits-rouges.png\\\" alt=\\\"\\\" class=\\\"alignnone wp-image-30313 \\\" width=\\\"24\\\" height=\\\"12\\\" \\\/>\\u00a0 g\\u00e9n\\u00e9rer des listes de substances en restriction selon vos besoins<\\\/p>\\n\n\n<p><img src=\\\"http:\\\/\\\/www.metallo-tests.ch\\\/wp-content\\\/uploads\\\/2025\\\/03\\\/3traits-rouges.png\\\" alt=\\\"\\\" class=\\\"alignnone wp-image-30313 \\\" width=\\\"24\\\" height=\\\"12\\\" \\\/>\\u00a0 personnaliser vos documents de recherche<\\\/p>\\n\n\n<p><img src=\\\"http:\\\/\\\/www.metallo-tests.ch\\\/wp-content\\\/uploads\\\/2025\\\/03\\\/3traits-rouges.png\\\" alt=\\\"\\\" class=\\\"alignnone wp-image-30313 \\\" width=\\\"24\\\" height=\\\"12\\\" \\\/>\\u00a0 sauvegarder vos entr\\u00e9es et de retrouver rapidement vos requ\\u00eates<\\\/p>\\n\n\n<p><img src=\\\"http:\\\/\\\/www.metallo-tests.ch\\\/wp-content\\\/uploads\\\/2025\\\/03\\\/3traits-rouges.png\\\" alt=\\\"\\\" class=\\\"alignnone wp-image-30313 \\\" width=\\\"24\\\" height=\\\"12\\\" \\\/>\\u00a0 rester inform\\u00e9 des derni\\u00e8res mises \\u00e0 jour l\\u00e9gislatives<\\\/p>\",\"dropcap\":false,\"margin\":\"default\",\"maxwidth\":\"2xlarge\",\"text_align\":\"left\",\"text_align_breakpoint\":\"m\",\"text_align_fallback\":\"center\",\"visibility\":\"m\"}},{\"name\":\"Liste_Molecult_Smartphone\",\"type\":\"text\",\"props\":{\"animation\":\"slide-bottom\",\"block_align\":\"center\",\"block_align_breakpoint\":\"m\",\"block_align_fallback\":\"center\",\"column_breakpoint\":\"m\",\"content\":\"\n\n<p><img src=\\\"https:\\\/\\\/new.metallo-tests.ch\\\/wp-content\\\/uploads\\\/2021\\\/10\\\/MT_Sigle_web.svg\\\" alt=\\\"\\\" width=\\\"1\\\" height=\\\"1\\\" class=\\\"alignnone size-medium wp-image-29022\\\" \\\/><img src=\\\"https:\\\/\\\/new.metallo-tests.ch\\\/wp-content\\\/uploads\\\/2022\\\/02\\\/MT_Sigle.png\\\" alt=\\\"\\\" width=\\\"24\\\" height=\\\"12\\\" class=\\\"alignnone wp-image-30313 \\\" \\\/><\\\/p>\\n\n\n<p>d\\u2019acc\\u00e9der rapidement aux recherches par substance et avanc\\u00e9e, au mode d\\u2019emploi et au formulaire de demande d\\u2019offres en lien avec vos recherches<\\\/p>\\n\n\n<p><img src=\\\"https:\\\/\\\/new.metallo-tests.ch\\\/wp-content\\\/uploads\\\/2022\\\/02\\\/MT_Sigle.png\\\" alt=\\\"\\\" width=\\\"24\\\" height=\\\"12\\\" class=\\\"alignnone wp-image-30313 \\\" \\\/><\\\/p>\\n\n\n<p>de conna\\u00eetre les limites l\\u00e9gales des substances chimiques et \\u00e0 quelle l\\u00e9gislation elles se r\\u00e9f\\u00e8rent<\\\/p>\\n\n\n<p><img src=\\\"https:\\\/\\\/new.metallo-tests.ch\\\/wp-content\\\/uploads\\\/2022\\\/02\\\/MT_Sigle.png\\\" alt=\\\"\\\" width=\\\"24\\\" height=\\\"12\\\" class=\\\"alignnone wp-image-30313 \\\" \\\/><\\\/p>\\n\n\n<p>de g\\u00e9n\\u00e9rer des listes de substances en restriction selon vos besoins<\\\/p>\\n\n\n<p><img src=\\\"https:\\\/\\\/new.metallo-tests.ch\\\/wp-content\\\/uploads\\\/2022\\\/02\\\/MT_Sigle.png\\\" alt=\\\"\\\" width=\\\"24\\\" height=\\\"12\\\" class=\\\"alignnone wp-image-30313 \\\" \\\/><\\\/p>\\n\n\n<p>de personnaliser vos documents de recherche<\\\/p>\\n\n\n<p><img src=\\\"https:\\\/\\\/new.metallo-tests.ch\\\/wp-content\\\/uploads\\\/2022\\\/02\\\/MT_Sigle.png\\\" alt=\\\"\\\" width=\\\"24\\\" height=\\\"12\\\" class=\\\"alignnone wp-image-30313 \\\" \\\/><\\\/p>\\n\n\n<p>de sauvegarder vos entr\\u00e9es et de retrouver rapidement vos requ\\u00eates<\\\/p>\\n\n\n<p><img src=\\\"https:\\\/\\\/new.metallo-tests.ch\\\/wp-content\\\/uploads\\\/2022\\\/02\\\/MT_Sigle.png\\\" alt=\\\"\\\" width=\\\"24\\\" height=\\\"12\\\" class=\\\"alignnone wp-image-30313 \\\" \\\/><\\\/p>\\n\n\n<p>de rester inform\\u00e9 des derni\\u00e8res mises \\u00e0 jour l\\u00e9gislatives<\\\/p>\\n\n\n<h5><\\\/h5>\",\"dropcap\":false,\"margin\":\"default\",\"maxwidth\":\"2xlarge\",\"text_align\":\"left\",\"text_align_breakpoint\":\"m\",\"text_align_fallback\":\"left\",\"visibility\":\"hidden-m\"}},{\"type\":\"button\",\"props\":{\"animation\":\"slide-bottom\",\"grid_column_gap\":\"small\",\"grid_row_gap\":\"small\",\"margin\":\"large\",\"text_align\":\"center\",\"text_align_breakpoint\":\"m\",\"text_align_fallback\":\"center\"},\"children\":[{\"type\":\"button_item\",\"props\":{\"button_style\":\"primary\",\"content\":\"Lancer Molecult\",\"dialog_layout\":\"modal\",\"dialog_offcanvas_flip\":true,\"icon_align\":\"left\",\"link\":\"https:\\\/\\\/molecult.metallo-tests.ch\\\/connexion\",\"link_target\":\"blank\",\"link_title\":\"Explore\"}}]}]}]}],\"modified\":\"2021-10-22T13:31:49.213Z\"}],\"version\":\"4.5.23\"} --><\/p>\n","protected":false},"excerpt":{"rendered":"<p>D\u00e9couvrez l&rsquo;application Molecult\u00ae L&rsquo;application Molecult \u00ae d\u00e9velopp\u00e9e par Metallo-Tests propose une solution simple et efficace adress\u00e9e \u00e0 toutes les entreprises actives dans le domaine du luxe ou de la s\u00e9curit\u00e9 et du suivi du syst\u00e8me au sein de leur entreprise. En plus de \u00e7a Molecult \u00ae regroupe toutes les substances chimiques en restriction pouvant se [&hellip;]<\/p>\n","protected":false},"author":5,"featured_media":0,"parent":0,"menu_order":0,"comment_status":"closed","ping_status":"closed","template":"","meta":{"footnotes":""},"class_list":["post-29313","page","type-page","status-publish","hentry"],"yoast_head":"<!-- This site is optimized with the Yoast SEO plugin v27.3 - https:\/\/yoast.com\/product\/yoast-seo-wordpress\/ -->\n<title>Molecult - Application de conformit\u00e9 chimique - Metallo-Tests SA<\/title>\n<meta name=\"description\" content=\"L&#039;application Molecult d\u00e9velopp\u00e9e par le laboratoire Metallo-Tests regroupe toutes les mol\u00e9cules chimiques en restriction\" \/>\n<meta name=\"robots\" content=\"index, follow, max-snippet:-1, max-image-preview:large, max-video-preview:-1\" \/>\n<link rel=\"canonical\" href=\"https:\/\/www.metallo-tests.ch\/en\/molecult\/\" \/>\n<meta property=\"og:locale\" content=\"en_US\" \/>\n<meta property=\"og:type\" content=\"article\" \/>\n<meta property=\"og:title\" content=\"Molecult - Application de conformit\u00e9 chimique - Metallo-Tests SA\" \/>\n<meta property=\"og:description\" content=\"L&#039;application Molecult d\u00e9velopp\u00e9e par le laboratoire Metallo-Tests regroupe toutes les mol\u00e9cules chimiques en restriction\" \/>\n<meta property=\"og:url\" content=\"https:\/\/www.metallo-tests.ch\/en\/molecult\/\" \/>\n<meta property=\"og:site_name\" content=\"Laboratoire Horloger - Metallo-Tests SA - La Chaux-de-Fonds\" \/>\n<meta property=\"article:modified_time\" content=\"2025-07-16T09:01:13+00:00\" \/>\n<meta property=\"og:image\" content=\"http:\/\/www.metallo-tests.ch\/wp-content\/uploads\/2025\/03\/3traits-rouges.png\" \/>\n<meta name=\"twitter:card\" content=\"summary_large_image\" \/>\n<meta name=\"twitter:label1\" content=\"Est. reading time\" \/>\n\t<meta name=\"twitter:data1\" content=\"5 minutes\" \/>\n<script type=\"application\/ld+json\" class=\"yoast-schema-graph\">{\"@context\":\"https:\\\/\\\/schema.org\",\"@graph\":[{\"@type\":\"WebPage\",\"@id\":\"https:\\\/\\\/www.metallo-tests.ch\\\/molecult\\\/\",\"url\":\"https:\\\/\\\/www.metallo-tests.ch\\\/molecult\\\/\",\"name\":\"Molecult - Application de conformit\u00e9 chimique - Metallo-Tests SA\",\"isPartOf\":{\"@id\":\"https:\\\/\\\/www.metallo-tests.ch\\\/#website\"},\"primaryImageOfPage\":{\"@id\":\"https:\\\/\\\/www.metallo-tests.ch\\\/molecult\\\/#primaryimage\"},\"image\":{\"@id\":\"https:\\\/\\\/www.metallo-tests.ch\\\/molecult\\\/#primaryimage\"},\"thumbnailUrl\":\"http:\\\/\\\/www.metallo-tests.ch\\\/wp-content\\\/uploads\\\/2025\\\/03\\\/3traits-rouges.png\",\"datePublished\":\"2021-10-12T17:47:15+00:00\",\"dateModified\":\"2025-07-16T09:01:13+00:00\",\"description\":\"L'application Molecult d\u00e9velopp\u00e9e par le laboratoire Metallo-Tests regroupe toutes les mol\u00e9cules chimiques en restriction\",\"breadcrumb\":{\"@id\":\"https:\\\/\\\/www.metallo-tests.ch\\\/molecult\\\/#breadcrumb\"},\"inLanguage\":\"en-US\",\"potentialAction\":[{\"@type\":\"ReadAction\",\"target\":[\"https:\\\/\\\/www.metallo-tests.ch\\\/molecult\\\/\"]}]},{\"@type\":\"ImageObject\",\"inLanguage\":\"en-US\",\"@id\":\"https:\\\/\\\/www.metallo-tests.ch\\\/molecult\\\/#primaryimage\",\"url\":\"http:\\\/\\\/www.metallo-tests.ch\\\/wp-content\\\/uploads\\\/2025\\\/03\\\/3traits-rouges.png\",\"contentUrl\":\"http:\\\/\\\/www.metallo-tests.ch\\\/wp-content\\\/uploads\\\/2025\\\/03\\\/3traits-rouges.png\"},{\"@type\":\"BreadcrumbList\",\"@id\":\"https:\\\/\\\/www.metallo-tests.ch\\\/molecult\\\/#breadcrumb\",\"itemListElement\":[{\"@type\":\"ListItem\",\"position\":1,\"name\":\"Accueil\",\"item\":\"https:\\\/\\\/www.metallo-tests.ch\\\/\"},{\"@type\":\"ListItem\",\"position\":2,\"name\":\"Molecult\"}]},{\"@type\":\"WebSite\",\"@id\":\"https:\\\/\\\/www.metallo-tests.ch\\\/#website\",\"url\":\"https:\\\/\\\/www.metallo-tests.ch\\\/\",\"name\":\"Laboratoire Horloger - Metallo-Tests SA - La Chaux-de-Fonds\",\"description\":\"Laboratoire d&#039;analyses et homologation pour le secteur du luxe\",\"publisher\":{\"@id\":\"https:\\\/\\\/www.metallo-tests.ch\\\/#organization\"},\"alternateName\":\"Laboratoire Metallo-Tests SA\",\"potentialAction\":[{\"@type\":\"SearchAction\",\"target\":{\"@type\":\"EntryPoint\",\"urlTemplate\":\"https:\\\/\\\/www.metallo-tests.ch\\\/?s={search_term_string}\"},\"query-input\":{\"@type\":\"PropertyValueSpecification\",\"valueRequired\":true,\"valueName\":\"search_term_string\"}}],\"inLanguage\":\"en-US\"},{\"@type\":\"Organization\",\"@id\":\"https:\\\/\\\/www.metallo-tests.ch\\\/#organization\",\"name\":\"Laboratoire Horloger - Metallo-Tests SA\",\"alternateName\":\"Laboratoire Metallo-Tests SA\",\"url\":\"https:\\\/\\\/www.metallo-tests.ch\\\/\",\"logo\":{\"@type\":\"ImageObject\",\"inLanguage\":\"en-US\",\"@id\":\"https:\\\/\\\/www.metallo-tests.ch\\\/#\\\/schema\\\/logo\\\/image\\\/\",\"url\":\"https:\\\/\\\/www.metallo-tests.ch\\\/wp-content\\\/uploads\\\/2025\\\/04\\\/METALLO-TEST_LOGO_04_COULEURS@4x-100-scaled.jpg\",\"contentUrl\":\"https:\\\/\\\/www.metallo-tests.ch\\\/wp-content\\\/uploads\\\/2025\\\/04\\\/METALLO-TEST_LOGO_04_COULEURS@4x-100-scaled.jpg\",\"width\":2560,\"height\":1640,\"caption\":\"Laboratoire Horloger - Metallo-Tests SA\"},\"image\":{\"@id\":\"https:\\\/\\\/www.metallo-tests.ch\\\/#\\\/schema\\\/logo\\\/image\\\/\"}}]}<\/script>\n<!-- \/ Yoast SEO plugin. -->","yoast_head_json":{"title":"Molecult - Application de conformit\u00e9 chimique - Metallo-Tests SA","description":"L'application Molecult d\u00e9velopp\u00e9e par le laboratoire Metallo-Tests regroupe toutes les mol\u00e9cules chimiques en restriction","robots":{"index":"index","follow":"follow","max-snippet":"max-snippet:-1","max-image-preview":"max-image-preview:large","max-video-preview":"max-video-preview:-1"},"canonical":"https:\/\/www.metallo-tests.ch\/en\/molecult\/","og_locale":"en_US","og_type":"article","og_title":"Molecult - Application de conformit\u00e9 chimique - Metallo-Tests SA","og_description":"L'application Molecult d\u00e9velopp\u00e9e par le laboratoire Metallo-Tests regroupe toutes les mol\u00e9cules chimiques en restriction","og_url":"https:\/\/www.metallo-tests.ch\/en\/molecult\/","og_site_name":"Laboratoire Horloger - Metallo-Tests SA - La Chaux-de-Fonds","article_modified_time":"2025-07-16T09:01:13+00:00","og_image":[{"url":"http:\/\/www.metallo-tests.ch\/wp-content\/uploads\/2025\/03\/3traits-rouges.png","type":"","width":"","height":""}],"twitter_card":"summary_large_image","twitter_misc":{"Est. reading time":"5 minutes"},"schema":{"@context":"https:\/\/schema.org","@graph":[{"@type":"WebPage","@id":"https:\/\/www.metallo-tests.ch\/molecult\/","url":"https:\/\/www.metallo-tests.ch\/molecult\/","name":"Molecult - Application de conformit\u00e9 chimique - Metallo-Tests SA","isPartOf":{"@id":"https:\/\/www.metallo-tests.ch\/#website"},"primaryImageOfPage":{"@id":"https:\/\/www.metallo-tests.ch\/molecult\/#primaryimage"},"image":{"@id":"https:\/\/www.metallo-tests.ch\/molecult\/#primaryimage"},"thumbnailUrl":"http:\/\/www.metallo-tests.ch\/wp-content\/uploads\/2025\/03\/3traits-rouges.png","datePublished":"2021-10-12T17:47:15+00:00","dateModified":"2025-07-16T09:01:13+00:00","description":"L'application Molecult d\u00e9velopp\u00e9e par le laboratoire Metallo-Tests regroupe toutes les mol\u00e9cules chimiques en restriction","breadcrumb":{"@id":"https:\/\/www.metallo-tests.ch\/molecult\/#breadcrumb"},"inLanguage":"en-US","potentialAction":[{"@type":"ReadAction","target":["https:\/\/www.metallo-tests.ch\/molecult\/"]}]},{"@type":"ImageObject","inLanguage":"en-US","@id":"https:\/\/www.metallo-tests.ch\/molecult\/#primaryimage","url":"http:\/\/www.metallo-tests.ch\/wp-content\/uploads\/2025\/03\/3traits-rouges.png","contentUrl":"http:\/\/www.metallo-tests.ch\/wp-content\/uploads\/2025\/03\/3traits-rouges.png"},{"@type":"BreadcrumbList","@id":"https:\/\/www.metallo-tests.ch\/molecult\/#breadcrumb","itemListElement":[{"@type":"ListItem","position":1,"name":"Accueil","item":"https:\/\/www.metallo-tests.ch\/"},{"@type":"ListItem","position":2,"name":"Molecult"}]},{"@type":"WebSite","@id":"https:\/\/www.metallo-tests.ch\/#website","url":"https:\/\/www.metallo-tests.ch\/","name":"Laboratoire Horloger - Metallo-Tests SA - La Chaux-de-Fonds","description":"Laboratoire d&#039;analyses et homologation pour le secteur du luxe","publisher":{"@id":"https:\/\/www.metallo-tests.ch\/#organization"},"alternateName":"Laboratoire Metallo-Tests SA","potentialAction":[{"@type":"SearchAction","target":{"@type":"EntryPoint","urlTemplate":"https:\/\/www.metallo-tests.ch\/?s={search_term_string}"},"query-input":{"@type":"PropertyValueSpecification","valueRequired":true,"valueName":"search_term_string"}}],"inLanguage":"en-US"},{"@type":"Organization","@id":"https:\/\/www.metallo-tests.ch\/#organization","name":"Laboratoire Horloger - Metallo-Tests SA","alternateName":"Laboratoire Metallo-Tests SA","url":"https:\/\/www.metallo-tests.ch\/","logo":{"@type":"ImageObject","inLanguage":"en-US","@id":"https:\/\/www.metallo-tests.ch\/#\/schema\/logo\/image\/","url":"https:\/\/www.metallo-tests.ch\/wp-content\/uploads\/2025\/04\/METALLO-TEST_LOGO_04_COULEURS@4x-100-scaled.jpg","contentUrl":"https:\/\/www.metallo-tests.ch\/wp-content\/uploads\/2025\/04\/METALLO-TEST_LOGO_04_COULEURS@4x-100-scaled.jpg","width":2560,"height":1640,"caption":"Laboratoire Horloger - Metallo-Tests SA"},"image":{"@id":"https:\/\/www.metallo-tests.ch\/#\/schema\/logo\/image\/"}}]}},"jetpack_sharing_enabled":true,"_links":{"self":[{"href":"http:\/\/www.metallo-tests.ch\/en\/wp-json\/wp\/v2\/pages\/29313","targetHints":{"allow":["GET"]}}],"collection":[{"href":"http:\/\/www.metallo-tests.ch\/en\/wp-json\/wp\/v2\/pages"}],"about":[{"href":"http:\/\/www.metallo-tests.ch\/en\/wp-json\/wp\/v2\/types\/page"}],"author":[{"embeddable":true,"href":"http:\/\/www.metallo-tests.ch\/en\/wp-json\/wp\/v2\/users\/5"}],"replies":[{"embeddable":true,"href":"http:\/\/www.metallo-tests.ch\/en\/wp-json\/wp\/v2\/comments?post=29313"}],"version-history":[{"count":22,"href":"http:\/\/www.metallo-tests.ch\/en\/wp-json\/wp\/v2\/pages\/29313\/revisions"}],"predecessor-version":[{"id":32685,"href":"http:\/\/www.metallo-tests.ch\/en\/wp-json\/wp\/v2\/pages\/29313\/revisions\/32685"}],"wp:attachment":[{"href":"http:\/\/www.metallo-tests.ch\/en\/wp-json\/wp\/v2\/media?parent=29313"}],"curies":[{"name":"wp","href":"https:\/\/api.w.org\/{rel}","templated":true}]}}